{"id":570,"date":"2025-06-22T01:37:53","date_gmt":"2025-06-22T01:37:53","guid":{"rendered":"https:\/\/novabilliards.com\/?post_type=product&#038;p=570"},"modified":"2025-06-22T01:53:30","modified_gmt":"2025-06-22T01:53:30","slug":"gold-legs-chinese-8-ball-pool-table","status":"publish","type":"product","link":"https:\/\/novabilliards.com\/vi\/san-pham\/gold-legs-chinese-8-ball-pool-table\/","title":{"rendered":"B\u00e0n bi-a 8 bi Trung Qu\u1ed1c ch\u00e2n v\u00e0ng"},"content":{"rendered":"<h2>B\u00e0n bi-a 8 bi chuy\u00ean nghi\u1ec7p v\u1edbi m\u1eb7t \u0111\u00e1 4cm, khung g\u1ed7 ch\u1eafc ch\u1eafn, t\u00fai da v\u00e0 \u0111\u1ea7y \u0111\u1ee7 ph\u1ee5 ki\u1ec7n.<\/h2>\n<p><strong>B\u00e0n bi-a 8 bi cao c\u1ea5p Trung Qu\u1ed1c<\/strong> \u0110\u01b0\u1ee3c ch\u1ebf t\u00e1c t\u1eeb \u0111\u00e1 phi\u1ebfn t\u1ef1 nhi\u00ean, khung g\u1ed7 ch\u1eafc ch\u1eafn, \u0111\u1ec7m \u0111\u00e0n h\u1ed3i cao v\u00e0 t\u00fai da th\u1eadt\u2014l\u00fd t\u01b0\u1edfng cho kh\u00f4ng gian gi\u1ea3i tr\u00ed th\u01b0\u01a1ng m\u1ea1i v\u00e0 gia \u0111\u00ecnh.<\/p>\n<p><img fetchpriority=\"high\" decoding=\"async\" class=\"aligncenter wp-image-572 size-full\" src=\"https:\/\/novabilliards.com\/wp-content\/uploads\/2025\/06\/2.webp\" alt=\"\" width=\"750\" height=\"983\" srcset=\"https:\/\/novabilliards.com\/wp-content\/uploads\/2025\/06\/2.webp 750w, https:\/\/novabilliards.com\/wp-content\/uploads\/2025\/06\/2-229x300.webp 229w, https:\/\/novabilliards.com\/wp-content\/uploads\/2025\/06\/2-600x786.webp 600w\" sizes=\"(max-width: 750px) 100vw, 750px\" \/><\/p>\n<h2>B\u00e0n bi-a 8 bi chuy\u00ean nghi\u1ec7p \u2014 Thi\u1ebft k\u1ebf t\u1ed1i \u01b0u cho hi\u1ec7u su\u1ea5t<\/h2>\n<p>Tr\u1ea3i nghi\u1ec7m tr\u00f2 ch\u01a1i ch\u00ednh x\u00e1c v\u1edbi s\u1ea3n ph\u1ea9m \u0111\u01b0\u1ee3c ch\u1ebf t\u00e1c tinh x\u1ea3o n\u00e0y. <strong>B\u00e0n bi-a 8 bi Trung Qu\u1ed1c<\/strong>. \u0110\u01b0\u1ee3c thi\u1ebft k\u1ebf d\u00e0nh cho c\u1ea3 chuy\u00ean gia v\u00e0 ng\u01b0\u1eddi \u0111am m\u00ea, chi\u1ebfc b\u00e0n n\u00e0y k\u1ebft h\u1ee3p gi\u1eefa k\u1ef9 thu\u1eadt th\u1ee7 c\u00f4ng truy\u1ec1n th\u1ed1ng v\u00e0 c\u00e1c t\u00ednh n\u0103ng hi\u1ec7n \u0111\u1ea1i \u0111\u1ec3 mang l\u1ea1i tr\u1ea3i nghi\u1ec7m ch\u01a1i bi-a v\u00f4 song.<\/p>\n<h2>Ch\u1ea5t l\u01b0\u1ee3ng gia c\u00f4ng cao c\u1ea5p<\/h2>\n<p>B\u00e0n c\u00f3 t\u00ednh n\u0103ng <strong>\u0110\u00e1 phi\u1ebfn t\u1ef1 nhi\u00ean d\u00e0y 4cm<\/strong> \u0111\u1ea3m b\u1ea3o b\u1ec1 m\u1eb7t ch\u01a1i ph\u1eb3ng v\u00e0 m\u1ecbn. The <strong>Khung v\u00e0 ch\u00e2n b\u1eb1ng g\u1ed7 t\u1ef1 nhi\u00ean<\/strong> cung c\u1ea5p \u0111\u1ed9 \u1ed5n \u0111\u1ecbnh v\u00e0 \u0111\u1ed9 b\u1ec1n v\u01b0\u1ee3t tr\u1ed9i, trong khi <strong>Tay v\u1ecbn b\u1eb1ng g\u1ed7 nh\u1eadp kh\u1ea9u ch\u1ea5t l\u01b0\u1ee3ng cao<\/strong> N\u00e2ng cao c\u1ea3 ch\u1ee9c n\u0103ng v\u00e0 phong c\u00e1ch.<\/p>\n<h2>Tr\u1ea3i nghi\u1ec7m ch\u01a1i game v\u01b0\u1ee3t tr\u1ed9i<\/h2>\n<p>\u0110\u01b0\u1ee3c trang b\u1ecb <strong>\u0110\u1ec7m cao su \u0111\u00e0n h\u1ed3i cao<\/strong>, B\u00e0n ch\u01a1i \u0111\u1ea3m b\u1ea3o ph\u1ea3n h\u1ed3i nhanh nh\u1ea1y v\u00e0 \u0111\u1ed9 n\u1ea3y b\u00f3ng ch\u00ednh x\u00e1c, mang l\u1ea1i tr\u1ea3i nghi\u1ec7m ch\u01a1i game \u0111\u1ed9ng l\u1ef1c. <strong>v\u1ea3i nhanh<\/strong> B\u1ec1 m\u1eb7t cho ph\u00e9p ch\u01a1i m\u01b0\u1ee3t m\u00e0 v\u00e0 nhanh ch\u00f3ng, n\u00e2ng cao tr\u1ea3i nghi\u1ec7m t\u1ed5ng th\u1ec3.<\/p>\n<h2>Chi ti\u1ebft c\u1ed5 \u0111i\u1ec3n<\/h2>\n<p>\u0110\u01b0\u1ee3c ch\u1ebf t\u00e1c tinh x\u1ea3o <strong>T\u00fai da th\u1eadt<\/strong> T\u1ea1o c\u1ea3m gi\u00e1c sang tr\u1ecdng cho b\u00e0n, mang l\u1ea1i \u0111\u1ed9 b\u1ec1n v\u00e0 b\u1ec1 m\u1eb7t ho\u00e0n thi\u1ec7n tinh t\u1ebf, ph\u00f9 h\u1ee3p v\u1edbi m\u1ecdi kh\u00f4ng gian.<\/p>\n<h2>K\u00edch th\u01b0\u1edbc ti\u00eau chu\u1ea9n<\/h2>\n<p>K\u00edch th\u01b0\u1edbc: <strong>2810 mm x 1530 mm x 840 mm<\/strong> \u2014 l\u00fd t\u01b0\u1edfng cho c\u00e1c \u0111\u1ecba \u0111i\u1ec3m chuy\u00ean nghi\u1ec7p, c\u00e2u l\u1ea1c b\u1ed9 gi\u1ea3i tr\u00ed, qu\u00e1n bar ho\u1eb7c ph\u00f2ng ch\u01a1i game sang tr\u1ecdng trong nh\u00e0.<\/p>\n<p><img decoding=\"async\" class=\"aligncenter size-full wp-image-573\" src=\"https:\/\/novabilliards.com\/wp-content\/uploads\/2025\/06\/9-1.webp\" alt=\"\" width=\"750\" height=\"968\" srcset=\"https:\/\/novabilliards.com\/wp-content\/uploads\/2025\/06\/9-1.webp 750w, https:\/\/novabilliards.com\/wp-content\/uploads\/2025\/06\/9-1-232x300.webp 232w, https:\/\/novabilliards.com\/wp-content\/uploads\/2025\/06\/9-1-600x774.webp 600w\" sizes=\"(max-width: 750px) 100vw, 750px\" \/><\/p>\n<h2>Ph\u1ee5 ki\u1ec7n \u0111\u1ea7y \u0111\u1ee7 \u0111i k\u00e8m<\/h2>\n<ul>\n<li>1 B\u1ed9 bi bida<\/li>\n<li>2 g\u1eady bi-a m\u1ed9t m\u1ea3nh<\/li>\n<li>1 K\u1ec7 tam gi\u00e1c<\/li>\n<li>1 B\u1ed9 gi\u00e1 \u0111\u1ee1 g\u1eady bi-a b\u1eb1ng cao su<\/li>\n<li>1 C\u00e2y ch\u1ed5i \u0111\u00e1nh d\u1ea5u<\/li>\n<li>25 M\u1eb9o s\u1eed d\u1ee5ng que<\/li>\n<li>1 \u0110\u1ea7u t\u1ef1a ngang<\/li>\n<li>12 vi\u00ean ph\u1ea5n<\/li>\n<li>1 B\u1ea3ng \u0111i\u1ec3m<\/li>\n<\/ul>\n<h2>T\u00f9y ch\u1ec9nh &amp; D\u1ecbch v\u1ee5<\/h2>\n<p>Ch\u00fang t\u00f4i cung c\u1ea5p <strong>D\u1ecbch v\u1ee5 OEM v\u00e0 ODM<\/strong> \u0110\u1ec3 \u0111\u00e1p \u1ee9ng c\u00e1c nhu c\u1ea7u c\u1ee5 th\u1ec3 c\u1ee7a th\u1ecb tr\u01b0\u1eddng. D\u00f9 l\u00e0 cho m\u1ee5c \u0111\u00edch s\u1eed d\u1ee5ng c\u00e1 nh\u00e2n hay c\u00e1c d\u1ef1 \u00e1n th\u01b0\u01a1ng m\u1ea1i, ch\u00fang t\u00f4i c\u00f3 th\u1ec3 t\u00f9y ch\u1ec9nh b\u00e0n theo s\u1edf th\u00edch c\u1ee7a b\u1ea1n. <strong>S\u1ed1 l\u01b0\u1ee3ng \u0111\u1eb7t h\u00e0ng t\u1ed1i thi\u1ec3u: 1 b\u1ed9<\/strong> \u2014 Ph\u00f9 h\u1ee3p cho c\u1ea3 kh\u00e1ch h\u00e0ng c\u00e1 nh\u00e2n v\u00e0 \u0111\u01a1n h\u00e0ng s\u1ec9.<\/p>\n<h2>V\u1eadn chuy\u1ec3n v\u00e0 \u0111\u00f3ng g\u00f3i to\u00e0n c\u1ea7u<\/h2>\n<p>\u0110\u01b0\u1ee3c \u0111\u00f3ng g\u00f3i chuy\u00ean nghi\u1ec7p v\u00e0 v\u1eadn chuy\u1ec3n c\u1ea9n th\u1eadn, s\u1ea3n ph\u1ea9m n\u00e0y <strong>B\u00e0n bi-a 8 bi Trung Qu\u1ed1c<\/strong> \u0110\u01b0\u1ee3c v\u1eadn chuy\u1ec3n tr\u00ean to\u00e0n c\u1ea7u \u0111\u1ec3 \u0111\u1ea3m b\u1ea3o h\u00e0ng h\u00f3a \u0111\u1ebfn n\u01a1i an to\u00e0n v\u00e0 trong t\u00ecnh tr\u1ea1ng t\u1ed1t nh\u1ea5t.<\/p>\n<p>Ph\u00f9 h\u1ee3p cho c\u00e1c ph\u00f2ng bi-a, \u0111\u1ecba \u0111i\u1ec3m gi\u1ea3i tr\u00ed ho\u1eb7c c\u00e1c kh\u00f4ng gian s\u1ed1ng cao c\u1ea5p, b\u00e0n bi-a n\u00e0y \u0111\u1ea3m b\u1ea3o ch\u1ea5t l\u01b0\u1ee3ng v\u01b0\u1ee3t tr\u1ed9i v\u00e0 hi\u1ec7u su\u1ea5t b\u1ec1n b\u1ec9 theo th\u1eddi gian.<\/p>","protected":false},"excerpt":{"rendered":"<ul>\n<li>\u0110\u00e1 phi\u1ebfn t\u1ef1 nhi\u00ean d\u00e0y 4cm cho b\u1ec1 m\u1eb7t ch\u01a1i ph\u1eb3ng v\u00e0 ch\u00ednh x\u00e1c.<\/li>\n<li>Khung v\u00e0 ch\u00e2n b\u1eb1ng g\u1ed7 nguy\u00ean kh\u1ed1i cho \u0111\u1ed9 \u1ed5n \u0111\u1ecbnh v\u01b0\u1ee3t tr\u1ed9i.<\/li>\n<li>Mi\u1ebfng \u0111\u1ec7m cao su \u0111\u00e0n h\u1ed3i cao cho ph\u1ea3n \u1ee9ng b\u00f3ng \u0111\u1ed9ng<\/li>\n<li>T\u00fai da th\u1eadt mang l\u1ea1i v\u1ebb ngo\u00e0i sang tr\u1ecdng v\u00e0 \u0111\u1ed9 b\u1ec1n cao.<\/li>\n<li>B\u1ec1 m\u1eb7t v\u1ea3i nhanh cho tr\u00f2 ch\u01a1i chuy\u00ean nghi\u1ec7p<\/li>\n<li>B\u1ed9 ph\u1ee5 ki\u1ec7n \u0111\u1ea7y \u0111\u1ee7 \u0111i k\u00e8m<\/li>\n<li>D\u1ecbch v\u1ee5 t\u00f9y ch\u1ec9nh OEM v\u00e0 ODM c\u00f3 s\u1eb5n.<\/li>\n<li>S\u1ed1 l\u01b0\u1ee3ng \u0111\u1eb7t h\u00e0ng t\u1ed1i thi\u1ec3u (MOQ) l\u00e0 1 b\u1ed9 \u2014 linh ho\u1ea1t cho t\u1ea5t c\u1ea3 c\u00e1c k\u00edch th\u01b0\u1edbc \u0111\u01a1n h\u00e0ng.<\/li>\n<li>V\u1eadn chuy\u1ec3n qu\u1ed1c t\u1ebf v\u1edbi d\u1ecbch v\u1ee5 \u0111\u00f3ng g\u00f3i chuy\u00ean nghi\u1ec7p<\/li>\n<\/ul>","protected":false},"featured_media":571,"comment_status":"open","ping_status":"closed","template":"","meta":{"_acf_changed":false},"product_brand":[],"product_cat":[15],"product_tag":[],"class_list":{"0":"post-570","1":"product","2":"type-product","3":"status-publish","4":"has-post-thumbnail","6":"product_cat-chinese-pool-tables","8":"first","9":"instock","10":"shipping-taxable","11":"product-type-simple"},"acf":[],"_links":{"self":[{"href":"https:\/\/novabilliards.com\/vi\/wp-json\/wp\/v2\/product\/570","targetHints":{"allow":["GET"]}}],"collection":[{"href":"https:\/\/novabilliards.com\/vi\/wp-json\/wp\/v2\/product"}],"about":[{"href":"https:\/\/novabilliards.com\/vi\/wp-json\/wp\/v2\/types\/product"}],"replies":[{"embeddable":true,"href":"https:\/\/novabilliards.com\/vi\/wp-json\/wp\/v2\/comments?post=570"}],"wp:featuredmedia":[{"embeddable":true,"href":"https:\/\/novabilliards.com\/vi\/wp-json\/wp\/v2\/media\/571"}],"wp:attachment":[{"href":"https:\/\/novabilliards.com\/vi\/wp-json\/wp\/v2\/media?parent=570"}],"wp:term":[{"taxonomy":"product_brand","embeddable":true,"href":"https:\/\/novabilliards.com\/vi\/wp-json\/wp\/v2\/product_brand?post=570"},{"taxonomy":"product_cat","embeddable":true,"href":"https:\/\/novabilliards.com\/vi\/wp-json\/wp\/v2\/product_cat?post=570"},{"taxonomy":"product_tag","embeddable":true,"href":"https:\/\/novabilliards.com\/vi\/wp-json\/wp\/v2\/product_tag?post=570"}],"curies":[{"name":"wp","href":"https:\/\/api.w.org\/{rel}","templated":true}]}}