{"id":565,"date":"2025-06-21T15:13:57","date_gmt":"2025-06-21T15:13:57","guid":{"rendered":"https:\/\/novabilliards.com\/?post_type=product&#038;p=565"},"modified":"2025-06-22T01:47:33","modified_gmt":"2025-06-22T01:47:33","slug":"professional-chinese-8-ball-pool-table","status":"publish","type":"product","link":"https:\/\/novabilliards.com\/vi\/san-pham\/professional-chinese-8-ball-pool-table\/","title":{"rendered":"B\u00e0n bi-a 8 bi chuy\u00ean nghi\u1ec7p"},"content":{"rendered":"<h2 style=\"text-align: center;\">B\u00e0n bi-a 8 bi chuy\u00ean nghi\u1ec7p v\u1edbi m\u1eb7t \u0111\u00e1 4cm, khung g\u1ed7 nguy\u00ean kh\u1ed1i, t\u00fai da th\u1eadt v\u00e0 \u0111\u1ea7y \u0111\u1ee7 ph\u1ee5 ki\u1ec7n.<\/h2>\n<p><strong>B\u00e0n bi-a 8 bi Trung Qu\u1ed1c cao c\u1ea5p<\/strong> \u0110\u01b0\u1ee3c ch\u1ebf t\u00e1c t\u1eeb g\u1ed7 t\u1ef1 nhi\u00ean, \u0111\u00e1 phi\u1ebfn t\u1ef1 nhi\u00ean d\u00e0y 4cm, t\u00fai da th\u1eadt v\u00e0 v\u1ea3i b\u1ec1n\u2014ho\u00e0n h\u1ea3o cho c\u1ea3 m\u1ee5c \u0111\u00edch th\u01b0\u01a1ng m\u1ea1i v\u00e0 s\u1eed d\u1ee5ng gia \u0111\u00ecnh.<\/p>\n<p>N\u00e2ng t\u1ea7m tr\u1ea3i nghi\u1ec7m ch\u01a1i bi-a c\u1ee7a b\u1ea1n v\u1edbi s\u1ea3n ph\u1ea9m n\u00e0y. <strong>B\u00e0n bi-a 8 bi Trung Qu\u1ed1c<\/strong>, \u0110\u01b0\u1ee3c thi\u1ebft k\u1ebf t\u1ec9 m\u1ec9 \u0111\u1ec3 \u0111\u1ea3m b\u1ea3o \u0111\u1ed9 ch\u00ednh x\u00e1c v\u00e0 hi\u1ec7u su\u1ea5t cao. K\u1ebft h\u1ee3p gi\u1eefa v\u1eadt li\u1ec7u cao c\u1ea5p v\u00e0 k\u1ef9 thu\u1eadt ch\u1ebf t\u00e1c tinh x\u1ea3o, chi\u1ebfc b\u00e0n n\u00e0y mang l\u1ea1i tr\u1ea3i nghi\u1ec7m ch\u01a1i game tuy\u1ec7t v\u1eddi, \u0111\u1ed9 b\u1ec1n cao v\u00e0 phong c\u00e1ch v\u01b0\u1ee3t th\u1eddi gian.<\/p>\n<p><img fetchpriority=\"high\" decoding=\"async\" class=\"aligncenter wp-image-567 size-full\" src=\"https:\/\/novabilliards.com\/wp-content\/uploads\/2025\/06\/9.webp\" alt=\"B\u00e0n bi-a 8 bi chuy\u00ean nghi\u1ec7p\" width=\"750\" height=\"968\" srcset=\"https:\/\/novabilliards.com\/wp-content\/uploads\/2025\/06\/9.webp 750w, https:\/\/novabilliards.com\/wp-content\/uploads\/2025\/06\/9-232x300.webp 232w, https:\/\/novabilliards.com\/wp-content\/uploads\/2025\/06\/9-600x774.webp 600w\" sizes=\"(max-width: 750px) 100vw, 750px\" \/><\/p>\n<h2>X\u00e2y d\u1ef1ng cao c\u1ea5p<\/h2>\n<p>\u0110\u01b0\u1ee3c x\u00e2y d\u1ef1ng v\u1edbi m\u1ed9t <strong>\u0110\u00e1 phi\u1ebfn t\u1ef1 nhi\u00ean d\u00e0y 4cm<\/strong>, B\u00e0n ch\u01a1i \u0111\u1ea3m b\u1ea3o b\u1ec1 m\u1eb7t ph\u1eb3ng, ch\u00ednh x\u00e1c, gi\u00fap b\u00f3ng di chuy\u1ec3n \u0111\u1ec1u \u0111\u1eb7n. <strong>Khung v\u00e0 ch\u00e2n b\u1eb1ng g\u1ed7 t\u1ef1 nhi\u00ean<\/strong> Cung c\u1ea5p \u0111\u1ed9 \u1ed5n \u0111\u1ecbnh v\u01b0\u1ee3t tr\u1ed9i v\u00e0 v\u1ebb \u0111\u1eb9p sang tr\u1ecdng, khi\u1ebfn n\u00f3 ph\u00f9 h\u1ee3p cho c\u1ea3 c\u00e1c kh\u00f4ng gian chuy\u00ean nghi\u1ec7p v\u00e0 ph\u00f2ng ch\u01a1i game cao c\u1ea5p t\u1ea1i nh\u00e0.<\/p>\n<h2>Ch\u01a1i ch\u00ednh x\u00e1c v\u00e0 linh ho\u1ea1t<\/h2>\n<p>The <strong>\u0110\u1ec7m cao su \u0111\u00e0n h\u1ed3i cao<\/strong> Cung c\u1ea5p ph\u1ea3n h\u1ed3i nhanh nh\u1ea1y v\u00e0 ch\u00ednh x\u00e1c cho c\u00e1c pha b\u1eadt b\u00f3ng, gi\u00fap c\u1ea3i thi\u1ec7n kh\u1ea3 n\u0103ng ki\u1ec3m so\u00e1t v\u00e0 \u0111\u1ed9 ch\u00ednh x\u00e1c c\u1ee7a c\u00fa s\u00fat. K\u1ebft h\u1ee3p v\u1edbi <strong>v\u1ea3i nhanh<\/strong> Tr\u00ean b\u1ec1 m\u1eb7t, ng\u01b0\u1eddi ch\u01a1i c\u00f3 th\u1ec3 t\u1eadn h\u01b0\u1edfng m\u1ed9t tr\u00f2 ch\u01a1i m\u01b0\u1ee3t m\u00e0, nh\u1ecbp \u0111\u1ed9 nhanh, t\u00e1i hi\u1ec7n \u0111i\u1ec1u ki\u1ec7n thi \u0111\u1ea5u chuy\u00ean nghi\u1ec7p.<\/p>\n<h2>Phong c\u00e1ch c\u1ed5 \u0111i\u1ec3n<\/h2>\n<p>M\u1ed7i t\u00fai \u0111\u01b0\u1ee3c l\u00e0m t\u1eeb <strong>da th\u1eadt<\/strong>, mang l\u1ea1i s\u1ef1 sang tr\u1ecdng v\u00e0 \u0111\u1ed9 b\u1ec1n cao, \u0111\u1ed3ng th\u1eddi t\u1ea1o ra \u00e2m thanh h\u00e0i l\u00f2ng v\u1edbi m\u1ed7i c\u00fa \u0111\u00e1nh th\u00e0nh c\u00f4ng.<\/p>\n<h2>Ph\u1ee5 ki\u1ec7n \u0111i k\u00e8m<\/h2>\n<ul>\n<li>1 B\u1ed9 bi bida<\/li>\n<li>2 g\u1eady bi-a m\u1ed9t m\u1ea3nh<\/li>\n<li>1 K\u1ec7 tam gi\u00e1c<\/li>\n<li>1 B\u1ed9 gi\u00e1 \u0111\u1ee1 g\u1eady bi-a b\u1eb1ng cao su<\/li>\n<li>1 C\u00e2y ch\u1ed5i \u0111\u00e1nh d\u1ea5u<\/li>\n<li>25 M\u1eb9o s\u1eed d\u1ee5ng que<\/li>\n<li>1 \u0110\u1ea7u t\u1ef1a ngang<\/li>\n<li>12 vi\u00ean ph\u1ea5n<\/li>\n<li>1 B\u1ea3ng \u0111i\u1ec3m<\/li>\n<\/ul>\n<h2>D\u1ec5 d\u00e0ng \u0111i\u1ec1u ch\u1ec9nh &amp; T\u00f9y ch\u1ec9nh<\/h2>\n<p>V\u1edbi <strong>D\u1ecbch v\u1ee5 OEM v\u00e0 ODM \u0111\u01b0\u1ee3c cung c\u1ea5p<\/strong> v\u00e0 m\u1ed9t <strong>S\u1ed1 l\u01b0\u1ee3ng \u0111\u1eb7t h\u00e0ng t\u1ed1i thi\u1ec3u (MOQ) ch\u1ec9 1 b\u1ed9.<\/strong>, B\u1ea3ng n\u00e0y l\u00e0 l\u1ef1a ch\u1ecdn ho\u00e0n h\u1ea3o cho ng\u01b0\u1eddi mua c\u00e1 nh\u00e2n, c\u00e2u l\u1ea1c b\u1ed9, \u0111\u1ecba \u0111i\u1ec3m gi\u1ea3i tr\u00ed ho\u1eb7c \u0111\u1ed1i t\u00e1c kinh doanh c\u00f3 nhu c\u1ea7u in logo t\u00f9y ch\u1ec9nh.<\/p>\n<h2>V\u1eadn chuy\u1ec3n to\u00e0n c\u1ea7u &amp; D\u1ecbch v\u1ee5<\/h2>\n<p>\u0110\u00f3ng g\u00f3i an to\u00e0n, chuy\u00ean nghi\u1ec7p v\u00e0 c\u00e1c t\u00f9y ch\u1ecdn v\u1eadn chuy\u1ec3n to\u00e0n c\u1ea7u \u0111\u00e1ng tin c\u1eady \u0111\u1ea3m b\u1ea3o r\u1eb1ng h\u00e0ng h\u00f3a c\u1ee7a b\u1ea1n <strong>B\u00e0n bi-a 8 bi Trung Qu\u1ed1c<\/strong> \u0110\u1ebfn trong t\u00ecnh tr\u1ea1ng ho\u00e0n h\u1ea3o, s\u1eb5n s\u00e0ng \u0111\u1ec3 s\u1eed d\u1ee5ng.<\/p>\n<p>D\u00f9 b\u1ea1n \u0111ang trang b\u1ecb cho m\u1ed9t ph\u00f2ng bi-a, n\u00e2ng c\u1ea5p kh\u00f4ng gian gi\u1ea3i tr\u00ed c\u1ee7a m\u00ecnh, hay t\u1ea1o ra m\u1ed9t kh\u00f4ng gian ch\u01a1i game sang tr\u1ecdng t\u1ea1i nh\u00e0, th\u00ec \u0111\u00e2y <strong>B\u00e0n bi-a 8 bi Trung Qu\u1ed1c<\/strong> Cung c\u1ea5p ch\u1ea5t l\u01b0\u1ee3ng chuy\u00ean nghi\u1ec7p v\u00e0 gi\u00e1 tr\u1ecb v\u01b0\u1ee3t tr\u1ed9i.<\/p>\n<p><img decoding=\"async\" class=\"aligncenter wp-image-568 size-full\" src=\"https:\/\/novabilliards.com\/wp-content\/uploads\/2025\/06\/8.webp\" alt=\"B\u00e0n bi-a 8 bi chuy\u00ean nghi\u1ec7p\" width=\"750\" height=\"1312\" srcset=\"https:\/\/novabilliards.com\/wp-content\/uploads\/2025\/06\/8.webp 750w, https:\/\/novabilliards.com\/wp-content\/uploads\/2025\/06\/8-171x300.webp 171w, https:\/\/novabilliards.com\/wp-content\/uploads\/2025\/06\/8-585x1024.webp 585w, https:\/\/novabilliards.com\/wp-content\/uploads\/2025\/06\/8-600x1050.webp 600w\" sizes=\"(max-width: 750px) 100vw, 750px\" \/><\/p>","protected":false},"excerpt":{"rendered":"<ul>\n<li>\u0110\u00e1 phi\u1ebfn t\u1ef1 nhi\u00ean cao c\u1ea5p d\u00e0y 4cm, \u0111\u1ea3m b\u1ea3o \u0111\u1ed9 ph\u1eb3ng tuy\u1ec7t \u0111\u1ed1i v\u00e0 \u0111\u1ed9 b\u1ec1n v\u01b0\u1ee3t tr\u1ed9i.<\/li>\n<li>Khung v\u00e0 ch\u00e2n b\u1eb1ng g\u1ed7 t\u1ef1 nhi\u00ean \u0111\u1ea3m b\u1ea3o \u0111\u1ed9 b\u1ec1n l\u00e2u d\u00e0i v\u00e0 thi\u1ebft k\u1ebf sang tr\u1ecdng.<\/li>\n<li>Mi\u1ebfng \u0111\u1ec7m cao su \u0111\u00e0n h\u1ed3i cao mang l\u1ea1i \u0111\u1ed9 n\u1ea3y b\u00f3ng ch\u00ednh x\u00e1c v\u00e0 linh ho\u1ea1t.<\/li>\n<li>T\u00fai da th\u1eadt mang phong c\u00e1ch c\u1ed5 \u0111i\u1ec3n v\u00e0 \u0111\u1ed9 b\u1ec1n v\u01b0\u1ee3t tr\u1ed9i.<\/li>\n<li>B\u1ec1 m\u1eb7t v\u1ea3i m\u1ecbn m\u00e0ng cho tr\u1ea3i nghi\u1ec7m ch\u01a1i game m\u01b0\u1ee3t m\u00e0 v\u00e0 t\u1ed1c \u0111\u1ed9 cao.<\/li>\n<li>B\u1ed9 ph\u1ee5 ki\u1ec7n chuy\u00ean nghi\u1ec7p \u0111\u1ea7y \u0111\u1ee7 \u0111\u01b0\u1ee3c bao g\u1ed3m.<\/li>\n<li>S\u1ed1 l\u01b0\u1ee3ng \u0111\u1eb7t h\u00e0ng t\u1ed1i thi\u1ec3u (MOQ) ch\u1ec9 1 b\u1ed9 \u2014 linh ho\u1ea1t cho c\u1ea3 \u0111\u01a1n h\u00e0ng c\u00e1 nh\u00e2n v\u00e0 th\u01b0\u01a1ng m\u1ea1i.<\/li>\n<li>D\u1ecbch v\u1ee5 t\u00f9y ch\u1ec9nh OEM &amp; ODM c\u00f3 s\u1eb5n \u0111\u1ec3 \u0111\u00e1p \u1ee9ng nhu c\u1ea7u th\u01b0\u01a1ng hi\u1ec7u.<\/li>\n<li>D\u1ecbch v\u1ee5 \u0111\u00f3ng g\u00f3i chuy\u00ean nghi\u1ec7p v\u00e0 v\u1eadn chuy\u1ec3n qu\u1ed1c t\u1ebf \u0111\u00e1ng tin c\u1eady<\/li>\n<\/ul>","protected":false},"featured_media":569,"comment_status":"open","ping_status":"closed","template":"","meta":{"_acf_changed":false},"product_brand":[],"product_cat":[15],"product_tag":[],"class_list":{"0":"post-565","1":"product","2":"type-product","3":"status-publish","4":"has-post-thumbnail","6":"product_cat-chinese-pool-tables","8":"first","9":"instock","10":"shipping-taxable","11":"product-type-simple"},"acf":[],"_links":{"self":[{"href":"https:\/\/novabilliards.com\/vi\/wp-json\/wp\/v2\/product\/565","targetHints":{"allow":["GET"]}}],"collection":[{"href":"https:\/\/novabilliards.com\/vi\/wp-json\/wp\/v2\/product"}],"about":[{"href":"https:\/\/novabilliards.com\/vi\/wp-json\/wp\/v2\/types\/product"}],"replies":[{"embeddable":true,"href":"https:\/\/novabilliards.com\/vi\/wp-json\/wp\/v2\/comments?post=565"}],"wp:featuredmedia":[{"embeddable":true,"href":"https:\/\/novabilliards.com\/vi\/wp-json\/wp\/v2\/media\/569"}],"wp:attachment":[{"href":"https:\/\/novabilliards.com\/vi\/wp-json\/wp\/v2\/media?parent=565"}],"wp:term":[{"taxonomy":"product_brand","embeddable":true,"href":"https:\/\/novabilliards.com\/vi\/wp-json\/wp\/v2\/product_brand?post=565"},{"taxonomy":"product_cat","embeddable":true,"href":"https:\/\/novabilliards.com\/vi\/wp-json\/wp\/v2\/product_cat?post=565"},{"taxonomy":"product_tag","embeddable":true,"href":"https:\/\/novabilliards.com\/vi\/wp-json\/wp\/v2\/product_tag?post=565"}],"curies":[{"name":"wp","href":"https:\/\/api.w.org\/{rel}","templated":true}]}}