{"id":440,"date":"2025-06-19T13:33:19","date_gmt":"2025-06-19T13:33:19","guid":{"rendered":"https:\/\/novabilliards.com\/?post_type=product&#038;p=440"},"modified":"2025-06-19T13:46:17","modified_gmt":"2025-06-19T13:46:17","slug":"12ft-premium-snooker-table","status":"publish","type":"product","link":"https:\/\/novabilliards.com\/vi\/san-pham\/12ft-premium-snooker-table\/","title":{"rendered":"B\u00e0n bi-a cao c\u1ea5p 12ft"},"content":{"rendered":"<p><!-- Hero Product Image --><\/p>\n<p><!-- Product Description --><\/p>\n<p>Tr\u1ea3i nghi\u1ec7m snooker \u0111\u1eb3ng c\u1ea5p th\u1ebf gi\u1edbi v\u1edbi <strong>B\u00e0n bi-a NovaBilliards 12ft cao c\u1ea5p<\/strong>, \u0110\u01b0\u1ee3c thi\u1ebft k\u1ebf theo ti\u00eau chu\u1ea9n qu\u1ed1c t\u1ebf cho c\u00e1c gi\u1ea3i \u0111\u1ea5u. B\u00e0n bi-a n\u00e0y \u0111\u01b0\u1ee3c trang b\u1ecb \u0111\u1ec7m th\u00e9p ch\u1eafc ch\u1eafn, m\u1eb7t \u0111\u00e1 phi\u1ebfn cao c\u1ea5p d\u00e0y 4,5cm, khung g\u1ed7 b\u1ea1ch d\u01b0\u01a1ng nh\u1eadp kh\u1ea9u v\u00e0 ph\u1ee5 ki\u1ec7n chuy\u00ean nghi\u1ec7p, mang l\u1ea1i \u0111\u1ed9 ch\u00ednh x\u00e1c cao trong t\u1eebng c\u00fa \u0111\u00e1nh v\u00e0 \u0111\u1ed9 b\u1ec1n v\u01b0\u1ee3t tr\u1ed9i\u2014l\u00fd t\u01b0\u1edfng cho c\u00e1c c\u00e2u l\u1ea1c b\u1ed9, gi\u1ea3i \u0111\u1ea5u v\u00e0 c\u00e1c \u0111\u1ecba \u0111i\u1ec3m sang tr\u1ecdng tr\u00ean to\u00e0n th\u1ebf gi\u1edbi.<\/p>\n<p><!-- Specifications Table --><\/p>\n<h2>Th\u00f4ng s\u1ed1 k\u1ef9 thu\u1eadt<\/h2>\n<table>\n<tbody>\n<tr>\n<th>T\u00ednh n\u0103ng<\/th>\n<th>Chi ti\u1ebft<\/th>\n<\/tr>\n<tr>\n<td>M\u00f4 h\u00ecnh<\/td>\n<td>S401B1<\/td>\n<\/tr>\n<tr>\n<td>K\u00edch th\u01b0\u1edbc b\u1ea3ng<\/td>\n<td>12ft x 6ft (3,85 \u00d7 2,05 \u00d7 0,85m)<\/td>\n<\/tr>\n<tr>\n<td>\u0110\u1ed9 d\u00e0y c\u1ee7a \u0111\u00e1 phi\u1ebfn<\/td>\n<td>4,5 cm \u0111\u00e1 phi\u1ebfn ch\u1ea5t l\u01b0\u1ee3ng cao<\/td>\n<\/tr>\n<tr>\n<td>Ch\u1ea5t li\u1ec7u khung<\/td>\n<td>G\u1ed7 b\u1ea1ch d\u01b0\u01a1ng nh\u1eadp kh\u1ea9u v\u1edbi ch\u00e2n g\u1ed7 nguy\u00ean kh\u1ed1i v\u00e0 khe c\u1eafm.<\/td>\n<\/tr>\n<tr>\n<td>G\u1ed1i<\/td>\n<td>G\u1ed1i th\u00e9p c\u00f3 g\u00f3c b\u00e0n b\u1eb1ng s\u1eaft l\u1edbn<\/td>\n<\/tr>\n<tr>\n<td>V\u1ea3i n\u1ec9<\/td>\n<td>V\u1ea3i len nh\u1eadp kh\u1ea9u t\u1eeb T\u00e2y Ban Nha<\/td>\n<\/tr>\n<tr>\n<td>\u0110\u01b0\u1eddng b\u0103ng b\u00f3ng<\/td>\n<td>\u0110\u01b0\u1eddng b\u0103ng qu\u1ea3 c\u1ea7u \u0111\u1ed3ng<\/td>\n<\/tr>\n<tr>\n<td>Ph\u1ee5 ki\u1ec7n \u0111i k\u00e8m<\/td>\n<td>\u2013 1 H\u1ed9p bi bida \u0110\u00e0i Loan<br \/>\n\u2013 XINGWANG 3\/4 4 m\u1ea3nh g\u1eady<br \/>\n\u2013 1 Tam gi\u00e1c g\u1ed7<br \/>\n\u2013 1 B\u1ed9 gi\u00e1 \u0111\u1ec3 g\u1eady bi-a b\u1eb1ng g\u1ed7<br \/>\n\u2013 1 N\u1ea1ng ng\u1eafn<br \/>\n\u2013 1 N\u1ea1ng d\u00e0i<br \/>\n\u2013 1 G\u1eady d\u00e0i<br \/>\n\u2013 1 B\u1ea3ng \u0111i\u1ec3m b\u1eb1ng g\u1ed7<br \/>\n\u2013 1 H\u1ed9p \u0111\u1ea7u (10 c\u00e1i)<br \/>\n\u2013 1 Keo<br \/>\n\u2013 1 H\u1ed9p ph\u1ea5n<br \/>\n\u2013 1 Ch\u1ea3o tr\u00f2n<br \/>\n\u2013 1 C\u00e2y c\u1ecd<\/td>\n<\/tr>\n<\/tbody>\n<\/table>\n<p><!-- Key Features --><\/p>\n<h2>T\u00ednh n\u0103ng ch\u00ednh<\/h2>\n<ul>\n<li><strong>Ti\u00eau chu\u1ea9n gi\u1ea3i \u0111\u1ea5u qu\u1ed1c t\u1ebf<\/strong> \u2013 K\u00edch th\u01b0\u1edbc \u0111\u1ea7y \u0111\u1ee7 12ft, \u0111i k\u00e8m v\u1edbi \u0111\u1ec7m th\u00e9p chuy\u00ean nghi\u1ec7p v\u00e0 \u0111\u00e1 phi\u1ebfn d\u00e0y 4,5cm.<\/li>\n<li><strong>V\u1eadt li\u1ec7u nh\u1eadp kh\u1ea9u cao c\u1ea5p<\/strong> \u2013 G\u1ed7 b\u1ea1ch d\u01b0\u01a1ng nh\u1eadp kh\u1ea9u, v\u1ea3i len T\u00e2y Ban Nha, \u0111\u01b0\u1eddng ray bi b\u1eb1ng \u0111\u1ed3ng thau v\u00e0 g\u00f3c b\u1eb1ng s\u1eaft \u0111\u00fac.<\/li>\n<li><strong>Ph\u1ee5 ki\u1ec7n chuy\u00ean nghi\u1ec7p \u0111\u1ea7y \u0111\u1ee7<\/strong> \u2013 Bao g\u1ed3m bi, g\u1eady, gi\u00e1 \u0111\u1ee1, b\u1ea3ng \u0111i\u1ec3m v\u00e0 d\u1ee5ng c\u1ee5 b\u1ea3o d\u01b0\u1ee1ng.<\/li>\n<li><strong>K\u1ef9 thu\u1eadt ch\u1ebf t\u00e1c xu\u1ea5t s\u1eafc<\/strong> \u2013 \u0110\u01b0\u1ee3c thi\u1ebft k\u1ebf \u0111\u1ec3 \u0111\u1ea1t \u0111\u1ed9 ch\u00ednh x\u00e1c cao nh\u1ea5t, ph\u1ea3n h\u1ed3i nhanh ch\u00f3ng v\u00e0 \u0111\u1ed9 b\u1ec1n l\u00e2u d\u00e0i.<\/li>\n<li><strong>Ph\u00f9 h\u1ee3p cho c\u00e1c c\u00e2u l\u1ea1c b\u1ed9 v\u00e0 gi\u1ea3i \u0111\u1ea5u<\/strong> \u2013 M\u00f3n \u0111\u1ed3 trang tr\u00ed trung t\u00e2m ho\u00e0n h\u1ea3o cho c\u00e1c ph\u00f2ng bi-a chuy\u00ean nghi\u1ec7p tr\u00ean to\u00e0n th\u1ebf gi\u1edbi.<\/li>\n<\/ul>\n<p><!-- Recommended For (Application Scenarios) --><\/p>\n<h2>\u0110\u01b0\u1ee3c khuy\u1ebfn ngh\u1ecb cho<\/h2>\n<ul>\n<li>C\u00e2u l\u1ea1c b\u1ed9 Bida chuy\u00ean nghi\u1ec7p<\/li>\n<li>Gi\u1ea3i \u0111\u1ea5u qu\u1ed1c gia v\u00e0 qu\u1ed1c t\u1ebf<\/li>\n<li>Kh\u00e1ch s\u1ea1n v\u00e0 khu ngh\u1ec9 d\u01b0\u1ee1ng cao c\u1ea5p<\/li>\n<li>Kh\u00f4ng gian gi\u1ea3i tr\u00ed doanh nghi\u1ec7p<\/li>\n<\/ul>\n<p><!-- FAQ Section --><\/p>\n<h2>C\u00e2u h\u1ecfi th\u01b0\u1eddng g\u1eb7p<\/h2>\n<h3>B\u00e0n bi-a 12ft c\u00f3 \u0111\u01b0\u1ee3c s\u1ea3n xu\u1ea5t theo ti\u00eau chu\u1ea9n chuy\u00ean nghi\u1ec7p kh\u00f4ng?<\/h3>\n<p>\u0110\u00fang v\u1eady, b\u00e0n bi-a n\u00e0y \u0111\u01b0\u1ee3c ch\u1ebf t\u00e1c theo ti\u00eau chu\u1ea9n qu\u1ed1c t\u1ebf cho c\u00e1c gi\u1ea3i \u0111\u1ea5u, v\u1edbi \u0111\u1ec7m th\u00e9p, m\u1eb7t \u0111\u00e1 d\u00e0y 4,5 cm v\u00e0 c\u00f4ng ngh\u1ec7 ch\u1ebf t\u1ea1o ch\u00ednh x\u00e1c.<\/p>\n<h3>B\u00e0n bao g\u1ed3m nh\u1eefng g\u00ec?<\/h3>\n<p>M\u1ed7i b\u00e0n bi-a \u0111i k\u00e8m v\u1edbi \u0111\u1ea7y \u0111\u1ee7 ph\u1ee5 ki\u1ec7n: bi, g\u1eady, gi\u00e1 \u0111\u1ee1 bi, b\u1ea3ng \u0111i\u1ec3m, d\u1ee5ng c\u1ee5 b\u1ea3o d\u01b0\u1ee1ng v\u00e0 nhi\u1ec1u h\u01a1n n\u1eefa\u2014t\u1ea5t c\u1ea3 nh\u1eefng g\u00ec b\u1ea1n c\u1ea7n cho tr\u00f2 ch\u01a1i chuy\u00ean nghi\u1ec7p.<\/p>\n<h3>Qu\u00fd c\u00f4ng ty c\u00f3 cung c\u1ea5p d\u1ecbch v\u1ee5 giao h\u00e0ng to\u00e0n c\u1ea7u kh\u00f4ng?<\/h3>\n<p>\u0110\u00fang v\u1eady! NovaBilliards cung c\u1ea5p d\u1ecbch v\u1ee5 v\u1eadn chuy\u1ec3n to\u00e0n c\u1ea7u k\u00e8m theo d\u1ecbch v\u1ee5 l\u1eafp \u0111\u1eb7t chuy\u00ean nghi\u1ec7p (white-glove installation) t\u1ea1i c\u00e1c khu v\u1ef1c quan tr\u1ecdng tr\u00ean to\u00e0n th\u1ebf gi\u1edbi.<\/p>\n<h3>Th\u1eddi gian giao h\u00e0ng m\u1ea5t bao l\u00e2u?<\/h3>\n<p>Th\u1eddi gian giao h\u00e0ng th\u01b0\u1eddng m\u1ea5t t\u1eeb 4 \u0111\u1ebfn 6 tu\u1ea7n, t\u00f9y thu\u1ed9c v\u00e0o c\u00e1c t\u00f9y ch\u1ecdn t\u00f9y ch\u1ec9nh v\u00e0 \u0111\u1ecba \u0111i\u1ec3m giao h\u00e0ng.<\/p>\n<h3>T\u00f4i c\u00f3 th\u1ec3 t\u00f9y ch\u1ec9nh m\u00e0u s\u01a1n ho\u1eb7c m\u00e0u v\u1ea3i l\u00f3t kh\u00f4ng?<\/h3>\n<p>V\u00e2ng, ch\u00fang t\u00f4i cung c\u1ea5p d\u1ecbch v\u1ee5 t\u00f9y ch\u1ec9nh m\u00e0u s\u1eafc c\u1ee7a v\u1ea3i n\u1ec9, m\u00e0u s\u01a1n g\u1ed7 v\u00e0 in logo (d\u1ecbch v\u1ee5 kh\u1eafc logo c\u00f3 s\u1eb5n theo y\u00eau c\u1ea7u).<\/p>\n<p><!-- Final CTA Section --><\/p>","protected":false},"excerpt":{"rendered":"<p>Tr\u1ea3i nghi\u1ec7m snooker \u0111\u1eb3ng c\u1ea5p th\u1ebf gi\u1edbi v\u1edbi b\u00e0n snooker NovaBilliards 12ft Premium, \u0111\u01b0\u1ee3c ch\u1ebf t\u00e1c theo ti\u00eau chu\u1ea9n qu\u1ed1c t\u1ebf cho c\u00e1c gi\u1ea3i \u0111\u1ea5u. B\u00e0n \u0111\u01b0\u1ee3c trang b\u1ecb \u0111\u1ec7m th\u00e9p ch\u1eafc ch\u1eafn, m\u1eb7t \u0111\u00e1 phi\u1ebfn cao c\u1ea5p d\u00e0y 4,5cm, khung g\u1ed7 b\u1ea1ch d\u01b0\u01a1ng nh\u1eadp kh\u1ea9u v\u00e0 ph\u1ee5 ki\u1ec7n chuy\u00ean nghi\u1ec7p, mang l\u1ea1i \u0111\u1ed9 ch\u00ednh x\u00e1c cao v\u00e0 \u0111\u1ed9 b\u1ec1n v\u00f4 song\u2014l\u00fd t\u01b0\u1edfng cho c\u00e1c c\u00e2u l\u1ea1c b\u1ed9, gi\u1ea3i \u0111\u1ea5u v\u00e0 c\u00e1c \u0111\u1ecba \u0111i\u1ec3m sang tr\u1ecdng tr\u00ean to\u00e0n th\u1ebf gi\u1edbi. Th\u00f4ng s\u1ed1 k\u1ef9 thu\u1eadt Chi ti\u1ebft t\u00ednh n\u0103ng M\u1eabu S401B1 K\u00edch th\u01b0\u1edbc b\u00e0n 12ft [\u2026]<\/p>","protected":false},"featured_media":441,"comment_status":"open","ping_status":"closed","template":"","meta":{"_acf_changed":false},"product_brand":[],"product_cat":[17],"product_tag":[],"class_list":{"0":"post-440","1":"product","2":"type-product","3":"status-publish","4":"has-post-thumbnail","6":"product_cat-snooker-tables","8":"first","9":"instock","10":"shipping-taxable","11":"product-type-simple"},"acf":[],"_links":{"self":[{"href":"https:\/\/novabilliards.com\/vi\/wp-json\/wp\/v2\/product\/440","targetHints":{"allow":["GET"]}}],"collection":[{"href":"https:\/\/novabilliards.com\/vi\/wp-json\/wp\/v2\/product"}],"about":[{"href":"https:\/\/novabilliards.com\/vi\/wp-json\/wp\/v2\/types\/product"}],"replies":[{"embeddable":true,"href":"https:\/\/novabilliards.com\/vi\/wp-json\/wp\/v2\/comments?post=440"}],"wp:featuredmedia":[{"embeddable":true,"href":"https:\/\/novabilliards.com\/vi\/wp-json\/wp\/v2\/media\/441"}],"wp:attachment":[{"href":"https:\/\/novabilliards.com\/vi\/wp-json\/wp\/v2\/media?parent=440"}],"wp:term":[{"taxonomy":"product_brand","embeddable":true,"href":"https:\/\/novabilliards.com\/vi\/wp-json\/wp\/v2\/product_brand?post=440"},{"taxonomy":"product_cat","embeddable":true,"href":"https:\/\/novabilliards.com\/vi\/wp-json\/wp\/v2\/product_cat?post=440"},{"taxonomy":"product_tag","embeddable":true,"href":"https:\/\/novabilliards.com\/vi\/wp-json\/wp\/v2\/product_tag?post=440"}],"curies":[{"name":"wp","href":"https:\/\/api.w.org\/{rel}","templated":true}]}}