{"id":565,"date":"2025-06-21T15:13:57","date_gmt":"2025-06-21T15:13:57","guid":{"rendered":"https:\/\/novabilliards.com\/?post_type=product&#038;p=565"},"modified":"2025-06-22T01:47:33","modified_gmt":"2025-06-22T01:47:33","slug":"table-de-billard-professionnelle-chinoise-a-8-boules","status":"publish","type":"product","link":"https:\/\/novabilliards.com\/fr\/produit\/table-de-billard-professionnelle-chinoise-a-8-boules\/","title":{"rendered":"Table de billard chinoise professionnelle \u00e0 8 boules"},"content":{"rendered":"<h2 style=\"text-align: center;\">Table de billard professionnel chinois 8 boules avec ardoise de 4 cm, cadre en bois massif, poches en cuir v\u00e9ritable et accessoires complets<\/h2>\n<p><strong>Table de billard chinois 8 boules haute performance<\/strong> Fabriqu\u00e9 en bois massif, ardoise naturelle de 4 cm, poches en cuir v\u00e9ritable et tissu r\u00e9sistant, id\u00e9al pour un usage commercial et domestique.<\/p>\n<p>Passez au niveau sup\u00e9rieur dans votre exp\u00e9rience du billard gr\u00e2ce \u00e0 cet accessoire. <strong>Billard chinois \u00e0 8 boules<\/strong>, m\u00e9ticuleusement con\u00e7u pour offrir pr\u00e9cision et performance. Alliant des mat\u00e9riaux haut de gamme \u00e0 un savoir-faire artisanal, cette table garantit un excellent gameplay, une grande durabilit\u00e9 et un style intemporel.<\/p>\n<p><img fetchpriority=\"high\" decoding=\"async\" class=\"aligncenter wp-image-567 size-full\" src=\"https:\/\/novabilliards.com\/wp-content\/uploads\/2025\/06\/9.webp\" alt=\"Table de billard chinoise professionnelle \u00e0 8 boules\" width=\"750\" height=\"968\" srcset=\"https:\/\/novabilliards.com\/wp-content\/uploads\/2025\/06\/9.webp 750w, https:\/\/novabilliards.com\/wp-content\/uploads\/2025\/06\/9-232x300.webp 232w, https:\/\/novabilliards.com\/wp-content\/uploads\/2025\/06\/9-600x774.webp 600w\" sizes=\"(max-width: 750px) 100vw, 750px\" \/><\/p>\n<h2>Construction haut de gamme<\/h2>\n<p>Construit avec un <strong>Ardoise naturelle de 4 cm d'\u00e9paisseur<\/strong>, la table garantit une surface de jeu plane et r\u00e9guli\u00e8re pour un mouvement constant de la balle. Le <strong>cadre et pieds en bois massif<\/strong> offre une stabilit\u00e9 exceptionnelle et une esth\u00e9tique luxueuse, ce qui le rend adapt\u00e9 aussi bien aux lieux professionnels qu'aux salles de jeux sophistiqu\u00e9es \u00e0 domicile.<\/p>\n<h2>Jeu pr\u00e9cis et dynamique<\/h2>\n<p>Le <strong>coussins en caoutchouc \u00e0 haute \u00e9lasticit\u00e9<\/strong> offre des rebonds de balle r\u00e9actifs et pr\u00e9cis, permettant un meilleur contr\u00f4le et une plus grande pr\u00e9cision de tir. Combin\u00e9 avec le <strong>tissu rapide<\/strong> surface, les joueurs peuvent profiter d'un jeu fluide et rapide qui reproduit les conditions des tournois professionnels.<\/p>\n<h2>Touche classique<\/h2>\n<p>Chaque poche est confectionn\u00e9e \u00e0 partir de <strong>cuir v\u00e9ritable<\/strong>, ajoutant \u00e9l\u00e9gance et durabilit\u00e9 tout en offrant un son satisfaisant \u00e0 chaque coup r\u00e9ussi.<\/p>\n<h2>Accessoires inclus<\/h2>\n<ul>\n<li>1 jeu de boules de billard<\/li>\n<li>2 Queues de billard en une seule pi\u00e8ce<\/li>\n<li>1 Grille triangulaire<\/li>\n<li>1 Jeu de supports de queues en caoutchouc<\/li>\n<li>1 Brosse \u00e0 repasser<\/li>\n<li>25 Queues de billard<\/li>\n<li>1 T\u00eate d'appui transversal<\/li>\n<li>12 craies<\/li>\n<li>1 Tableau d'affichage<\/li>\n<\/ul>\n<h2>Flexible et personnalisable<\/h2>\n<p>Avec <strong>Services OEM et ODM propos\u00e9s<\/strong> et un <strong>Quantit\u00e9 minimale de commande : 1 seul ensemble<\/strong>, Cette table est id\u00e9ale pour les acheteurs particuliers, les clubs, les lieux de divertissement ou les partenaires commerciaux \u00e0 la recherche d'une personnalisation de leur marque.<\/p>\n<h2>Exp\u00e9dition et service internationaux<\/h2>\n<p>Un emballage s\u00e9curis\u00e9 et professionnel ainsi que des options d'exp\u00e9dition fiables \u00e0 l'\u00e9chelle mondiale garantissent votre <strong>Billard chinois \u00e0 8 boules<\/strong> arrive en parfait \u00e9tat, pr\u00eat \u00e0 l'emploi.<\/p>\n<p>Que vous \u00e9quipiez une salle de billard, modernisiez votre lieu de divertissement ou cr\u00e9iez un espace de jeu luxueux chez vous, ce <strong>Billard chinois \u00e0 8 boules<\/strong> offre une qualit\u00e9 professionnelle et une valeur in\u00e9gal\u00e9e.<\/p>\n<p><img decoding=\"async\" class=\"aligncenter wp-image-568 size-full\" src=\"https:\/\/novabilliards.com\/wp-content\/uploads\/2025\/06\/8.webp\" alt=\"Table de billard chinoise professionnelle \u00e0 8 boules\" width=\"750\" height=\"1312\" srcset=\"https:\/\/novabilliards.com\/wp-content\/uploads\/2025\/06\/8.webp 750w, https:\/\/novabilliards.com\/wp-content\/uploads\/2025\/06\/8-171x300.webp 171w, https:\/\/novabilliards.com\/wp-content\/uploads\/2025\/06\/8-585x1024.webp 585w, https:\/\/novabilliards.com\/wp-content\/uploads\/2025\/06\/8-600x1050.webp 600w\" sizes=\"(max-width: 750px) 100vw, 750px\" \/><\/p>","protected":false},"excerpt":{"rendered":"<ul>\n<li>Ardoise naturelle de qualit\u00e9 sup\u00e9rieure, d'une \u00e9paisseur de 4 cm, pour une plan\u00e9it\u00e9 et une durabilit\u00e9 accrues<\/li>\n<li>Le cadre et les pieds en bois massif garantissent une stabilit\u00e9 durable et un design \u00e9l\u00e9gant.<\/li>\n<li>Les coussins en caoutchouc \u00e0 haute \u00e9lasticit\u00e9 permettent un rebond pr\u00e9cis et dynamique de la balle.<\/li>\n<li>Poches en cuir v\u00e9ritable pour un style classique et une durabilit\u00e9 exceptionnelle<\/li>\n<li>Surface en tissu rapide pour un jeu fluide et rapide<\/li>\n<li>Jeu complet d'accessoires de qualit\u00e9 professionnelle inclus<\/li>\n<li>MOQ de seulement 1 set - flexible pour les commandes personnelles et commerciales<\/li>\n<li>Possibilit\u00e9 de personnalisation OEM et ODM pour r\u00e9pondre aux besoins de la marque<\/li>\n<li>Emballage professionnel et exp\u00e9dition internationale fiable<\/li>\n<\/ul>","protected":false},"featured_media":569,"comment_status":"open","ping_status":"closed","template":"","meta":{"_acf_changed":false},"product_brand":[],"product_cat":[15],"product_tag":[],"class_list":{"0":"post-565","1":"product","2":"type-product","3":"status-publish","4":"has-post-thumbnail","6":"product_cat-chinese-pool-tables","8":"first","9":"instock","10":"shipping-taxable","11":"product-type-simple"},"acf":[],"_links":{"self":[{"href":"https:\/\/novabilliards.com\/fr\/wp-json\/wp\/v2\/product\/565","targetHints":{"allow":["GET"]}}],"collection":[{"href":"https:\/\/novabilliards.com\/fr\/wp-json\/wp\/v2\/product"}],"about":[{"href":"https:\/\/novabilliards.com\/fr\/wp-json\/wp\/v2\/types\/product"}],"replies":[{"embeddable":true,"href":"https:\/\/novabilliards.com\/fr\/wp-json\/wp\/v2\/comments?post=565"}],"wp:featuredmedia":[{"embeddable":true,"href":"https:\/\/novabilliards.com\/fr\/wp-json\/wp\/v2\/media\/569"}],"wp:attachment":[{"href":"https:\/\/novabilliards.com\/fr\/wp-json\/wp\/v2\/media?parent=565"}],"wp:term":[{"taxonomy":"product_brand","embeddable":true,"href":"https:\/\/novabilliards.com\/fr\/wp-json\/wp\/v2\/product_brand?post=565"},{"taxonomy":"product_cat","embeddable":true,"href":"https:\/\/novabilliards.com\/fr\/wp-json\/wp\/v2\/product_cat?post=565"},{"taxonomy":"product_tag","embeddable":true,"href":"https:\/\/novabilliards.com\/fr\/wp-json\/wp\/v2\/product_tag?post=565"}],"curies":[{"name":"wp","href":"https:\/\/api.w.org\/{rel}","templated":true}]}}