{"id":565,"date":"2025-06-21T15:13:57","date_gmt":"2025-06-21T15:13:57","guid":{"rendered":"https:\/\/novabilliards.com\/?post_type=product&#038;p=565"},"modified":"2025-06-22T01:47:33","modified_gmt":"2025-06-22T01:47:33","slug":"mesa-de-billar-chino-profesional-de-8-bolas","status":"publish","type":"product","link":"https:\/\/novabilliards.com\/es\/producto\/mesa-de-billar-chino-profesional-de-8-bolas\/","title":{"rendered":"Mesa de billar profesional china de 8 bolas"},"content":{"rendered":"<h2 style=\"text-align: center;\">Mesa de billar china profesional de 8 bolas con pizarra de 4 cm, marco de madera maciza, bolsillos de cuero aut\u00e9ntico y accesorios completos<\/h2>\n<p><strong>Mesa de billar chino de 8 bolas de alto rendimiento<\/strong> Fabricado con madera maciza, pizarra natural de 4 cm, bolsillos de cuero aut\u00e9ntico y tela r\u00e1pida, perfecto para uso comercial y dom\u00e9stico.<\/p>\n<p>Lleve su experiencia de billar al siguiente nivel con este <strong>Mesa de billar chino de 8 bolas<\/strong>Dise\u00f1ada meticulosamente para ofrecer precisi\u00f3n y rendimiento. Combinando materiales de primera calidad con una artesan\u00eda experta, esta mesa garantiza una excelente jugabilidad, durabilidad y un estilo atemporal.<\/p>\n<p><img fetchpriority=\"high\" decoding=\"async\" class=\"aligncenter wp-image-567 size-full\" src=\"https:\/\/novabilliards.com\/wp-content\/uploads\/2025\/06\/9.webp\" alt=\"Mesa de billar profesional china de 8 bolas\" width=\"750\" height=\"968\" srcset=\"https:\/\/novabilliards.com\/wp-content\/uploads\/2025\/06\/9.webp 750w, https:\/\/novabilliards.com\/wp-content\/uploads\/2025\/06\/9-232x300.webp 232w, https:\/\/novabilliards.com\/wp-content\/uploads\/2025\/06\/9-600x774.webp 600w\" sizes=\"(max-width: 750px) 100vw, 750px\" \/><\/p>\n<h2>Construcci\u00f3n Premium<\/h2>\n<p>Construido con un <strong>Pizarra natural de 4 cm de espesor<\/strong>La mesa garantiza una superficie de juego plana y verdadera para un movimiento uniforme de la pelota. El sitio <strong>Estructura y patas de madera maciza<\/strong> proporcionan una estabilidad excepcional y una est\u00e9tica lujosa, por lo que son adecuados tanto para locales profesionales como para sofisticadas salas de juego dom\u00e9sticas.<\/p>\n<h2>Juego preciso y din\u00e1mico<\/h2>\n<p>En <strong>cojines de caucho de alta elasticidad<\/strong> ofrecen rebotes de bal\u00f3n sensibles y precisos, lo que permite un mejor control y precisi\u00f3n de tiro. Combinado con el <strong>pa\u00f1o r\u00e1pido<\/strong> de superficie, los jugadores pueden disfrutar de un juego fluido y de ritmo r\u00e1pido que reproduce las condiciones de los torneos profesionales.<\/p>\n<h2>Toque cl\u00e1sico<\/h2>\n<p>Cada bolsillo est\u00e1 fabricado con <strong>cuero aut\u00e9ntico<\/strong>El dise\u00f1o de los ca\u00f1ones es elegante y duradero, a la vez que proporciona un sonido satisfactorio con cada disparo acertado.<\/p>\n<h2>Accesorios incluidos<\/h2>\n<ul>\n<li>1 Juego de bolas de billar<\/li>\n<li>2 Tacos de una sola pieza<\/li>\n<li>1 rejilla triangular<\/li>\n<li>1 Juego de tacos de goma<\/li>\n<li>1 Cepillo<\/li>\n<li>25 Puntas de taco<\/li>\n<li>1 Cabezal de apoyo transversal<\/li>\n<li>12 Tizas<\/li>\n<li>1 Marcador<\/li>\n<\/ul>\n<h2>Flexible y personalizable<\/h2>\n<p>Con <strong>Servicios OEM y ODM<\/strong> y un <strong>MOQ de s\u00f3lo 1 juego<\/strong>Esta mesa es perfecta para compradores particulares, clubes, locales de ocio o socios comerciales que busquen una imagen de marca personalizada.<\/p>\n<h2>Env\u00edos y servicios globales<\/h2>\n<p>Un embalaje seguro y profesional y opciones fiables de env\u00edo global garantizan que su <strong>Mesa de billar chino de 8 bolas<\/strong> llega en perfecto estado, listo para la acci\u00f3n.<\/p>\n<p>Tanto si est\u00e1 equipando una sala de billar, mejorando su local de ocio o creando un lujoso espacio de juego en casa, este <strong>Mesa de billar chino de 8 bolas<\/strong> ofrece calidad profesional y un valor inigualable.<\/p>\n<p><img decoding=\"async\" class=\"aligncenter wp-image-568 size-full\" src=\"https:\/\/novabilliards.com\/wp-content\/uploads\/2025\/06\/8.webp\" alt=\"Mesa de billar profesional china de 8 bolas\" width=\"750\" height=\"1312\" srcset=\"https:\/\/novabilliards.com\/wp-content\/uploads\/2025\/06\/8.webp 750w, https:\/\/novabilliards.com\/wp-content\/uploads\/2025\/06\/8-171x300.webp 171w, https:\/\/novabilliards.com\/wp-content\/uploads\/2025\/06\/8-585x1024.webp 585w, https:\/\/novabilliards.com\/wp-content\/uploads\/2025\/06\/8-600x1050.webp 600w\" sizes=\"(max-width: 750px) 100vw, 750px\" \/><\/p>","protected":false},"excerpt":{"rendered":"<ul>\n<li>Pizarra natural de primera calidad de 4 cm de espesor para una planitud y durabilidad superiores<\/li>\n<li>El marco y las patas de madera maciza garantizan una estabilidad duradera y un dise\u00f1o elegante.<\/li>\n<li>Los cojines de goma altamente el\u00e1sticos proporcionan un rebote de pelota preciso y din\u00e1mico.<\/li>\n<li>Bolsillos de cuero genuino para un estilo cl\u00e1sico y una durabilidad excepcional.<\/li>\n<li>Superficie de tela r\u00e1pida para un juego fluido y de alta velocidad.<\/li>\n<li>Conjunto completo de accesorios de calidad profesional incluidos.<\/li>\n<li>Cantidad m\u00ednima de pedido de solo 1 juego: flexible tanto para pedidos personales como comerciales<\/li>\n<li>Personalizaci\u00f3n OEM y ODM disponible para adaptarse a las necesidades de la marca.<\/li>\n<li>Embalaje profesional y env\u00edo internacional confiable.<\/li>\n<\/ul>","protected":false},"featured_media":569,"comment_status":"open","ping_status":"closed","template":"","meta":{"_acf_changed":false},"product_brand":[],"product_cat":[15],"product_tag":[],"class_list":{"0":"post-565","1":"product","2":"type-product","3":"status-publish","4":"has-post-thumbnail","6":"product_cat-chinese-pool-tables","8":"first","9":"instock","10":"shipping-taxable","11":"product-type-simple"},"acf":[],"_links":{"self":[{"href":"https:\/\/novabilliards.com\/es\/wp-json\/wp\/v2\/product\/565","targetHints":{"allow":["GET"]}}],"collection":[{"href":"https:\/\/novabilliards.com\/es\/wp-json\/wp\/v2\/product"}],"about":[{"href":"https:\/\/novabilliards.com\/es\/wp-json\/wp\/v2\/types\/product"}],"replies":[{"embeddable":true,"href":"https:\/\/novabilliards.com\/es\/wp-json\/wp\/v2\/comments?post=565"}],"wp:featuredmedia":[{"embeddable":true,"href":"https:\/\/novabilliards.com\/es\/wp-json\/wp\/v2\/media\/569"}],"wp:attachment":[{"href":"https:\/\/novabilliards.com\/es\/wp-json\/wp\/v2\/media?parent=565"}],"wp:term":[{"taxonomy":"product_brand","embeddable":true,"href":"https:\/\/novabilliards.com\/es\/wp-json\/wp\/v2\/product_brand?post=565"},{"taxonomy":"product_cat","embeddable":true,"href":"https:\/\/novabilliards.com\/es\/wp-json\/wp\/v2\/product_cat?post=565"},{"taxonomy":"product_tag","embeddable":true,"href":"https:\/\/novabilliards.com\/es\/wp-json\/wp\/v2\/product_tag?post=565"}],"curies":[{"name":"wp","href":"https:\/\/api.w.org\/{rel}","templated":true}]}}