{"id":621,"date":"2025-06-23T13:59:50","date_gmt":"2025-06-23T13:59:50","guid":{"rendered":"https:\/\/novabilliards.com\/?post_type=product&#038;p=621"},"modified":"2025-06-23T14:00:32","modified_gmt":"2025-06-23T14:00:32","slug":"professioneller-chinesischer-billardtisch-mit-4cm-schieferplatte","status":"publish","type":"product","link":"https:\/\/novabilliards.com\/de\/produkt\/professioneller-chinesischer-billardtisch-mit-4cm-schieferplatte\/","title":{"rendered":"Professioneller chinesischer Billardtisch mit 4 cm Schieferplatte"},"content":{"rendered":"<h2>Professioneller chinesischer Pooltisch | Massivholz | 4cm Naturschiefer | OEM &amp; ODM verf\u00fcgbar<\/h2>\n<p>Erleben Sie die Eleganz und Leistung unserer <strong>Professioneller chinesischer Pooltisch<\/strong>, entwickelt f\u00fcr Freizeit- und Wettkampfspiele. Gefertigt aus hochwertigen Materialien wie <strong>4 cm dicker Naturschiefer<\/strong>, <strong>Rahmen und Beine aus hochwertigem Massivholz<\/strong>und <strong>Taschen aus echtem Leder<\/strong>bietet dieser Billardtisch au\u00dfergew\u00f6hnliche Haltbarkeit und ein hervorragendes Spielerlebnis.<\/p>\n<p><img fetchpriority=\"high\" decoding=\"async\" class=\"aligncenter wp-image-629 size-full\" src=\"https:\/\/novabilliards.com\/wp-content\/uploads\/2025\/06\/2-6.webp\" alt=\"\" width=\"750\" height=\"983\" srcset=\"https:\/\/novabilliards.com\/wp-content\/uploads\/2025\/06\/2-6.webp 750w, https:\/\/novabilliards.com\/wp-content\/uploads\/2025\/06\/2-6-229x300.webp 229w, https:\/\/novabilliards.com\/wp-content\/uploads\/2025\/06\/2-6-9x12.webp 9w, https:\/\/novabilliards.com\/wp-content\/uploads\/2025\/06\/2-6-600x786.webp 600w\" sizes=\"(max-width: 750px) 100vw, 750px\" \/><\/p>\n<p>Ideal f\u00fcr <strong>Spielhallen zu Hause, Clubs, Billards\u00e4le und Exportm\u00e4rkte<\/strong>Dieser chinesische Billardtisch ist eine perfekte Kombination aus Stil und Funktion. OEM und ODM Dienstleistungen sind verf\u00fcgbar, um Ihre spezifischen Bed\u00fcrfnisse zu erf\u00fcllen.<\/p>\n<h2>Produktspezifikationen<\/h2>\n<ul>\n<li><strong>Standardgr\u00f6\u00dfe:<\/strong> 2850mm \u00d7 1650mm \u00d7 850mm<\/li>\n<li><strong>Schiefer:<\/strong> 4 cm dicker Naturschiefer (hohe Pr\u00e4zision f\u00fcr reibungsloses Spiel)<\/li>\n<li><strong>Handlauf:<\/strong> Importiertes hochwertiges Massivholz<\/li>\n<li><strong>Die Beine:<\/strong> Beine aus Massivholz f\u00fcr Stabilit\u00e4t und Festigkeit<\/li>\n<li><strong>Polsterung:<\/strong> Hochelastisches Gummipolster f\u00fcr gleichm\u00e4\u00dfigen Ballabsprung<\/li>\n<li><strong>Taschen:<\/strong> Taschen aus echtem Leder (langlebig und stilvoll)<\/li>\n<li><strong>Leinen:<\/strong> Schnelles Tuch (Made in China) f\u00fcr optimierte Ballgeschwindigkeit<\/li>\n<li><strong>Mindestbestellmenge (MOQ):<\/strong> 1 Satz<\/li>\n<li><strong>OEM- und ODM-Dienstleistungen:<\/strong> Verf\u00fcgbar<\/li>\n<\/ul>\n<h2>Inklusive Zubeh\u00f6r<\/h2>\n<ul>\n<li>1 Satz Billardkugeln<\/li>\n<li>2 einzelne Stichw\u00f6rter<\/li>\n<li>1 Dreiecksgestell<\/li>\n<li>1 Queue-St\u00e4nder aus Gummi<\/li>\n<li>1 Queue-Pinsel<\/li>\n<li>25 Queue-Spitzen<\/li>\n<li>1 Kreuzlehne Kopf<\/li>\n<li>12 St\u00fcck Kreide<\/li>\n<li>1 Anzeigetafel<\/li>\n<\/ul>\n<p><img decoding=\"async\" class=\"aligncenter wp-image-628 size-full\" src=\"https:\/\/novabilliards.com\/wp-content\/uploads\/2025\/06\/4-5.webp\" alt=\"\" width=\"750\" height=\"1298\" srcset=\"https:\/\/novabilliards.com\/wp-content\/uploads\/2025\/06\/4-5.webp 750w, https:\/\/novabilliards.com\/wp-content\/uploads\/2025\/06\/4-5-173x300.webp 173w, https:\/\/novabilliards.com\/wp-content\/uploads\/2025\/06\/4-5-592x1024.webp 592w, https:\/\/novabilliards.com\/wp-content\/uploads\/2025\/06\/4-5-7x12.webp 7w, https:\/\/novabilliards.com\/wp-content\/uploads\/2025\/06\/4-5-600x1038.webp 600w\" sizes=\"(max-width: 750px) 100vw, 750px\" \/><\/p>\n<h2>Anwendungen<\/h2>\n<ul>\n<li>Billardzimmer zu Hause<\/li>\n<li>Poolclubs und Bars<\/li>\n<li>Kommerzielle Billardhallen<\/li>\n<li>Unterhaltungsr\u00e4ume im Hotel<\/li>\n<li>Export und internationale M\u00e4rkte<\/li>\n<\/ul>\n<h2>Hauptmerkmale und Vorteile<\/h2>\n<ul>\n<li>4cm dick <strong>Naturschiefer<\/strong> bietet hervorragende Ebenheit und Spielkonsistenz<\/li>\n<li><strong>Konstruktion aus Massivholz<\/strong> garantiert lange Haltbarkeit und elegantes Aussehen<\/li>\n<li><strong>Taschen aus echtem Leder<\/strong> eine hochwertige Note hinzuf\u00fcgen<\/li>\n<li><strong>Schnelles Tuch<\/strong> verbessert die Ballgeschwindigkeit und Spielbarkeit<\/li>\n<li><strong>Elastische Gummikissen<\/strong> liefern einen pr\u00e4zisen Ballabprall<\/li>\n<li>Geeignet sowohl f\u00fcr <strong>Gelegenheitsspieler und Profis<\/strong><\/li>\n<li><strong>OEM- und ODM-Anpassung<\/strong> verf\u00fcgbar f\u00fcr globale Kunden<\/li>\n<\/ul>\n<h2>H\u00e4ufig gestellte Fragen (FAQ)<\/h2>\n<h3>Was ist ein chinesischer Billardtisch?<\/h3>\n<p>Ein chinesischer Billardtisch ist speziell f\u00fcr das beliebte chinesische 8-Ball-Spiel konzipiert. Er kombiniert die Eigenschaften traditioneller amerikanischer Pool- und Snookertische mit einer gr\u00f6\u00dferen Spielfl\u00e4che, engeren Taschen und professionellen Materialien wie 4 cm starkem Naturschiefer und einer Massivholzkonstruktion.<\/p>\n<h3>Wie gro\u00df ist dieser chinesische Billardtisch?<\/h3>\n<p>Die Standardgr\u00f6\u00dfe dieses chinesischen Billardtisches betr\u00e4gt 2850 mm \u00d7 1650 mm \u00d7 850 mm und eignet sich sowohl f\u00fcr Freizeit- als auch f\u00fcr professionelle Spielumgebungen, einschlie\u00dflich Clubs, Spielzimmer und kommerzielle Billardhallen.<\/p>\n<h3>Welche Materialien werden f\u00fcr diesen Billardtisch verwendet?<\/h3>\n<p>Dieser Billardtisch besteht aus 4 cm dickem Naturschiefer, hochwertigen Handl\u00e4ufen und Beinen aus Massivholz, Taschen aus echtem Leder und einer schnellen Stoffoberfl\u00e4che, die f\u00fcr eine hervorragende Ballgeschwindigkeit und Haltbarkeit ausgelegt ist.<\/p>\n<h3>Bieten Sie Anpassungen oder OEM- und ODM-Dienste an?<\/h3>\n<p>Ja, wir bieten sowohl OEM- als auch ODM-Dienstleistungen an, um Ihre spezifischen Anforderungen zu erf\u00fcllen. Sie k\u00f6nnen das Design, die Farbe, das Branding und die zus\u00e4tzlichen Funktionen Ihres chinesischen Billardtisches an Ihren Markt oder Ihre Markenidentit\u00e4t anpassen.<\/p>\n<h3>Welches Zubeh\u00f6r ist im Lieferumfang des chinesischen Billardtisches enthalten?<\/h3>\n<p>Der Billardtisch wird komplett mit 1 Satz Kugeln, 2 Queues, 1 Dreiecksst\u00e4nder, 1 Gummist\u00e4nder, 1 Queueb\u00fcrste, 25 Queuespitzen, 1 Kreuzablage, 12 Kreiden und 1 Anzeigetafel geliefert und bietet alles, was Sie brauchen, um sofort mit dem Spielen zu beginnen.<\/p>\n<h3>Was ist die Mindestbestellmenge (MOQ)?<\/h3>\n<p>Die Mindestbestellmenge f\u00fcr diesen chinesischen Billardtisch ist 1 Set. Wir begr\u00fc\u00dfen sowohl kleine als auch Gro\u00dfauftr\u00e4ge, und wir bieten auch Unterst\u00fctzung f\u00fcr den internationalen Versand und Export.<\/p>","protected":false},"excerpt":{"rendered":"<ul>\n<li>4cm dick <strong>Naturschiefer<\/strong> bietet hervorragende Ebenheit und Spielkonsistenz<\/li>\n<li><strong>Konstruktion aus Massivholz<\/strong> garantiert lange Haltbarkeit und elegantes Aussehen<\/li>\n<li><strong>Taschen aus echtem Leder<\/strong> eine hochwertige Note hinzuf\u00fcgen<\/li>\n<li><strong>Schnelles Tuch<\/strong> verbessert die Ballgeschwindigkeit und Spielbarkeit<\/li>\n<li><strong>Elastische Gummikissen<\/strong> liefern einen pr\u00e4zisen Ballabprall<\/li>\n<li>Geeignet sowohl f\u00fcr <strong>Gelegenheitsspieler und Profis<\/strong><\/li>\n<li><strong>OEM- und ODM-Anpassung<\/strong> verf\u00fcgbar f\u00fcr globale Kunden<\/li>\n<\/ul>","protected":false},"featured_media":622,"comment_status":"open","ping_status":"closed","template":"","meta":{"_acf_changed":false},"product_brand":[],"product_cat":[15],"product_tag":[],"class_list":{"0":"post-621","1":"product","2":"type-product","3":"status-publish","4":"has-post-thumbnail","6":"product_cat-chinese-pool-tables","8":"first","9":"instock","10":"shipping-taxable","11":"product-type-simple"},"acf":[],"_links":{"self":[{"href":"https:\/\/novabilliards.com\/de\/wp-json\/wp\/v2\/product\/621","targetHints":{"allow":["GET"]}}],"collection":[{"href":"https:\/\/novabilliards.com\/de\/wp-json\/wp\/v2\/product"}],"about":[{"href":"https:\/\/novabilliards.com\/de\/wp-json\/wp\/v2\/types\/product"}],"replies":[{"embeddable":true,"href":"https:\/\/novabilliards.com\/de\/wp-json\/wp\/v2\/comments?post=621"}],"wp:featuredmedia":[{"embeddable":true,"href":"https:\/\/novabilliards.com\/de\/wp-json\/wp\/v2\/media\/622"}],"wp:attachment":[{"href":"https:\/\/novabilliards.com\/de\/wp-json\/wp\/v2\/media?parent=621"}],"wp:term":[{"taxonomy":"product_brand","embeddable":true,"href":"https:\/\/novabilliards.com\/de\/wp-json\/wp\/v2\/product_brand?post=621"},{"taxonomy":"product_cat","embeddable":true,"href":"https:\/\/novabilliards.com\/de\/wp-json\/wp\/v2\/product_cat?post=621"},{"taxonomy":"product_tag","embeddable":true,"href":"https:\/\/novabilliards.com\/de\/wp-json\/wp\/v2\/product_tag?post=621"}],"curies":[{"name":"wp","href":"https:\/\/api.w.org\/{rel}","templated":true}]}}