{"id":596,"date":"2025-06-22T09:30:31","date_gmt":"2025-06-22T09:30:31","guid":{"rendered":"https:\/\/novabilliards.com\/?post_type=product&#038;p=596"},"modified":"2025-06-25T13:33:14","modified_gmt":"2025-06-25T13:33:14","slug":"chinesischer-billardtisch-mit-silbernen-beinen","status":"publish","type":"product","link":"https:\/\/novabilliards.com\/de\/produkt\/chinesischer-billardtisch-mit-silbernen-beinen\/","title":{"rendered":"SPK Chinesischer Billardtisch mit silbernen Beinen"},"content":{"rendered":"<h2>Silver Legs Chinese Pool Table mit 4cm Schiefer, Massivholz-Handlauf, Ledertaschen &amp; komplettem Zubeh\u00f6r<\/h2>\n<p style=\"text-align: center;\"><strong>Premium Silver Legs Chinesischer Billardtisch<\/strong> mit Naturschiefer, Handlauf aus Massivholz, hochelastischen Gummikissen und Taschen aus echtem Leder - perfekt f\u00fcr den privaten oder gewerblichen Gebrauch.<\/p>\n<p><img fetchpriority=\"high\" decoding=\"async\" class=\"aligncenter wp-image-603 size-full\" src=\"https:\/\/novabilliards.com\/wp-content\/uploads\/2025\/06\/2-4.webp\" alt=\"\" width=\"750\" height=\"983\" srcset=\"https:\/\/novabilliards.com\/wp-content\/uploads\/2025\/06\/2-4.webp 750w, https:\/\/novabilliards.com\/wp-content\/uploads\/2025\/06\/2-4-229x300.webp 229w, https:\/\/novabilliards.com\/wp-content\/uploads\/2025\/06\/2-4-600x786.webp 600w\" sizes=\"(max-width: 750px) 100vw, 750px\" \/><\/p>\n<h2>Silver Legs Chinese Pool Table - Entwickelt f\u00fcr pr\u00e4zises Spiel<\/h2>\n<p>Verbessern Sie Ihren Spielbereich mit diesem eleganten <strong>Silver Legs Chinesischer Billardtisch<\/strong>. Dieser Tisch ist auf Leistung und Stil ausgelegt und kombiniert fachm\u00e4nnische Handwerkskunst mit modernen Materialien, um ein Billard-Erlebnis auf h\u00f6chstem Niveau zu bieten.<\/p>\n<h2>Hochwertige Konstruktion<\/h2>\n<p>Der Tisch ist ausgestattet mit einem <strong>4 cm dicker Naturschiefer<\/strong>und sorgt f\u00fcr eine extrem glatte und ebene Spielfl\u00e4che. Die <strong>importierter Handlauf aus hochwertigem Massivholz<\/strong> und <strong>Beine aus Massivholz mit silbernem Finish<\/strong> bieten eine hervorragende Haltbarkeit und optische Attraktivit\u00e4t.<\/p>\n<h2>Au\u00dfergew\u00f6hnliche Spielbarkeit<\/h2>\n<p><strong>Hochelastische Gummipolster<\/strong> liefern einen pr\u00e4zisen und konsistenten Ballabprall f\u00fcr professionelles Spiel. Die <strong>feste Stoffoberfl\u00e4che<\/strong> sorgt f\u00fcr eine reibungslose und dynamische Ballbewegung.<\/p>\n<h2>Elegante Ledertaschen<\/h2>\n<p>Gefertigt mit <strong>Taschen aus echtem Leder<\/strong>Der Tisch verleiht jedem Raum einen luxuri\u00f6sen Touch und ist gleichzeitig langlebig und funktional.<\/p>\n<h2>Standard Abmessungen<\/h2>\n<p>Gr\u00f6\u00dfe: <strong>2810mm x 1530mm x 840mm<\/strong> - geeignet f\u00fcr Heimspielr\u00e4ume, Billardhallen, Bars und Clubs.<\/p>\n<p><img decoding=\"async\" class=\"aligncenter size-full wp-image-604\" src=\"https:\/\/novabilliards.com\/wp-content\/uploads\/2025\/06\/9-2.webp\" alt=\"\" width=\"750\" height=\"968\" srcset=\"https:\/\/novabilliards.com\/wp-content\/uploads\/2025\/06\/9-2.webp 750w, https:\/\/novabilliards.com\/wp-content\/uploads\/2025\/06\/9-2-232x300.webp 232w, https:\/\/novabilliards.com\/wp-content\/uploads\/2025\/06\/9-2-600x774.webp 600w\" sizes=\"(max-width: 750px) 100vw, 750px\" \/><\/p>\n<h2>Inklusive komplettem Zubeh\u00f6r<\/h2>\n<ul>\n<li>1 Satz Billardkugeln<\/li>\n<li>2 Einteilige Queues<\/li>\n<li>1 Dreiecksgestell<\/li>\n<li>1 Queue-St\u00e4ndersatz aus Gummi<\/li>\n<li>1 Queue-Pinsel<\/li>\n<li>25 Queue-Tipps<\/li>\n<li>1 Kreuzst\u00fctze Kopf<\/li>\n<li>12 Kreiden<\/li>\n<li>1 Anzeigetafel<\/li>\n<\/ul>\n<h2>Informationen zur Anpassung und Bestellung<\/h2>\n<p>Wir bieten <strong>OEM- und ODM-Dienstleistungen<\/strong> um spezifische Kundenbed\u00fcrfnisse zu erf\u00fcllen. <strong>MOQ: 1 Satz<\/strong> - ideal f\u00fcr den pers\u00f6nlichen Gebrauch, gewerbliche R\u00e4ume und Gro\u00dfhandelsauftr\u00e4ge.<\/p>\n<h2>Weltweiter Versand<\/h2>\n<p>Professionelle Verpackung und weltweite Versandoptionen gew\u00e4hrleisten, dass Ihre <strong>Silver Legs Chinesischer Billardtisch<\/strong> kommt sicher und einsatzbereit an.<\/p>\n<p>Ob f\u00fcr ein luxuri\u00f6ses Zuhause, einen Spielclub oder ein Unterhaltungszentrum, dieser Pooltisch bietet hervorragende Qualit\u00e4t und Leistung.<\/p>\n<h2>Produkt-Highlights<\/h2>\n<ul>\n<li>4 cm dicker Naturschiefer garantiert eine ebene, professionelle Spielfl\u00e4che<\/li>\n<li>Der Handlauf aus Massivholz und die silberfarbenen Beine aus Massivholz sorgen f\u00fcr Stabilit\u00e4t und Stil<\/li>\n<li>Hochelastische Gummikissen f\u00fcr pr\u00e4zises Spiel<\/li>\n<li>Schnelle Tuchoberfl\u00e4che f\u00fcr geschmeidiges, dynamisches Ballspiel<\/li>\n<li>Taschen aus echtem Leder f\u00fcr erstklassige Haltbarkeit und Eleganz<\/li>\n<li>Komplettes Zubeh\u00f6rset enthalten - alles, was Sie zum Spielen brauchen<\/li>\n<li>OEM- und ODM-Anpassung verf\u00fcgbar<\/li>\n<li>MOQ von 1 Satz - perfekt f\u00fcr alle Auftragsarten<\/li>\n<li>Weltweiter Versand mit sicherer Verpackung<\/li>\n<\/ul>\n<h2>Sind Sie bereit, Ihr Spiel zu verbessern?<\/h2>\n<p>Kontaktieren Sie uns noch heute und erfahren Sie mehr \u00fcber die <strong>Silver Legs Chinesischer Billardtisch<\/strong>. Informieren Sie sich \u00fcber Preise, Anpassungsm\u00f6glichkeiten und Versanddetails - lassen Sie uns Ihnen helfen, das perfekte Billard-Erlebnis zu schaffen!<\/p>\n<h2>H\u00e4ufig gestellte Fragen<\/h2>\n<p><strong>Welche Abmessungen hat dieser Silver Legs Chinese Pooltisch?<\/strong><br \/>\nDer Tisch misst 2810 mm x 1530 mm x 840 mm und eignet sich f\u00fcr den professionellen und privaten Gebrauch.<\/p>\n<p><strong>Welches Material wird f\u00fcr die Spielfl\u00e4che verwendet?<\/strong><br \/>\nDer Tisch besteht aus einem 4 cm dicken Naturschiefer, der f\u00fcr Ebenheit und Haltbarkeit sorgt.<\/p>\n<p><strong>Kann ich die Farbe der Tischbeine oder der Tischdecke selbst bestimmen?<\/strong><br \/>\nJa, wir bieten OEM- und ODM-Dienste an. Bitte kontaktieren Sie uns f\u00fcr Anpassungsm\u00f6glichkeiten.<\/p>\n<p><strong>Was ist die Mindestbestellmenge (MOQ)?<\/strong><br \/>\nDie Mindestbestellmenge betr\u00e4gt 1 Set - ideal f\u00fcr Einzelk\u00e4ufer oder Gro\u00dfbestellungen.<\/p>\n<p><strong>Bieten Sie internationalen Versand an?<\/strong><br \/>\nJa, wir bieten weltweiten Versand mit professioneller Verpackung, um eine sichere Lieferung zu gew\u00e4hrleisten.<\/p>","protected":false},"excerpt":{"rendered":"<ul>\n<li>4 cm dicker Naturschiefer f\u00fcr pr\u00e4zises Spielen<\/li>\n<li>Silberfarbene Massivholzbeine f\u00fcr stilvolle Haltbarkeit<\/li>\n<li>Hochelastische Gummikissen f\u00fcr dynamischen Ballr\u00fcckprall<\/li>\n<li>Taschen aus echtem Leder mit hochwertiger Verarbeitung<\/li>\n<li>Komplettes Zubeh\u00f6rset enthalten - sofort spielbereit<\/li>\n<\/ul>","protected":false},"featured_media":597,"comment_status":"open","ping_status":"closed","template":"","meta":{"_acf_changed":false},"product_brand":[],"product_cat":[15],"product_tag":[],"class_list":{"0":"post-596","1":"product","2":"type-product","3":"status-publish","4":"has-post-thumbnail","6":"product_cat-chinese-pool-tables","8":"first","9":"instock","10":"shipping-taxable","11":"product-type-simple"},"acf":[],"_links":{"self":[{"href":"https:\/\/novabilliards.com\/de\/wp-json\/wp\/v2\/product\/596","targetHints":{"allow":["GET"]}}],"collection":[{"href":"https:\/\/novabilliards.com\/de\/wp-json\/wp\/v2\/product"}],"about":[{"href":"https:\/\/novabilliards.com\/de\/wp-json\/wp\/v2\/types\/product"}],"replies":[{"embeddable":true,"href":"https:\/\/novabilliards.com\/de\/wp-json\/wp\/v2\/comments?post=596"}],"wp:featuredmedia":[{"embeddable":true,"href":"https:\/\/novabilliards.com\/de\/wp-json\/wp\/v2\/media\/597"}],"wp:attachment":[{"href":"https:\/\/novabilliards.com\/de\/wp-json\/wp\/v2\/media?parent=596"}],"wp:term":[{"taxonomy":"product_brand","embeddable":true,"href":"https:\/\/novabilliards.com\/de\/wp-json\/wp\/v2\/product_brand?post=596"},{"taxonomy":"product_cat","embeddable":true,"href":"https:\/\/novabilliards.com\/de\/wp-json\/wp\/v2\/product_cat?post=596"},{"taxonomy":"product_tag","embeddable":true,"href":"https:\/\/novabilliards.com\/de\/wp-json\/wp\/v2\/product_tag?post=596"}],"curies":[{"name":"wp","href":"https:\/\/api.w.org\/{rel}","templated":true}]}}