{"id":565,"date":"2025-06-21T15:13:57","date_gmt":"2025-06-21T15:13:57","guid":{"rendered":"https:\/\/novabilliards.com\/?post_type=product&#038;p=565"},"modified":"2025-06-22T01:47:33","modified_gmt":"2025-06-22T01:47:33","slug":"professional-chinese-8-ball-pool-table","status":"publish","type":"product","link":"https:\/\/novabilliards.com\/de\/produkt\/professional-chinese-8-ball-pool-table\/","title":{"rendered":"Professioneller chinesischer 8-Ball-Billardtisch"},"content":{"rendered":"<h2 style=\"text-align: center;\">Professioneller chinesischer 8-Ball-Billardtisch mit 4 cm starker Schieferplatte, Massivholzrahmen, Echtleder-Taschen und komplettem Zubeh\u00f6r<\/h2>\n<p><strong>Hochleistungsf\u00e4higer chinesischer 8-Ball-Billardtisch<\/strong> Aus Massivholz gefertigt, mit 4 cm starkem Naturschiefer, Taschen aus echtem Leder und strapazierf\u00e4higem Stoff \u2013 ideal f\u00fcr den gewerblichen und privaten Gebrauch.<\/p>\n<p>Bringen Sie Ihr Billard-Erlebnis auf die n\u00e4chste Stufe mit diesem <strong>Chinesischer 8-Ball-Billardtisch<\/strong>, sorgf\u00e4ltig konstruiert f\u00fcr Pr\u00e4zision und Leistung. Durch die Kombination hochwertiger Materialien mit fachm\u00e4nnischer Handwerkskunst garantiert dieser Tisch ein ausgezeichnetes Spielgef\u00fchl, Langlebigkeit und zeitlosen Stil.<\/p>\n<p><img fetchpriority=\"high\" decoding=\"async\" class=\"aligncenter wp-image-567 size-full\" src=\"https:\/\/novabilliards.com\/wp-content\/uploads\/2025\/06\/9.webp\" alt=\"Professioneller chinesischer 8-Ball-Billardtisch\" width=\"750\" height=\"968\" srcset=\"https:\/\/novabilliards.com\/wp-content\/uploads\/2025\/06\/9.webp 750w, https:\/\/novabilliards.com\/wp-content\/uploads\/2025\/06\/9-232x300.webp 232w, https:\/\/novabilliards.com\/wp-content\/uploads\/2025\/06\/9-600x774.webp 600w\" sizes=\"(max-width: 750px) 100vw, 750px\" \/><\/p>\n<h2>Hochwertige Konstruktion<\/h2>\n<p>Gebaut mit einem <strong>4 cm dicker Naturschiefer<\/strong>, Der Tisch garantiert eine ebene, pr\u00e4zise Spielfl\u00e4che f\u00fcr gleichm\u00e4\u00dfige Ballbewegungen. Der <strong>Rahmen und Beine aus Massivholz<\/strong> bieten herausragende Stabilit\u00e4t und eine luxuri\u00f6se \u00c4sthetik, wodurch sie sich sowohl f\u00fcr professionelle Veranstaltungsorte als auch f\u00fcr anspruchsvolle Heimspielr\u00e4ume eignen.<\/p>\n<h2>Pr\u00e4zises und dynamisches Spiel<\/h2>\n<p>Das <strong>hochelastische Gummikissen<\/strong> liefert reaktionsschnelle und pr\u00e4zise Ballr\u00fcckpralle, was eine bessere Kontrolle und Schussgenauigkeit erm\u00f6glicht. In Kombination mit dem <strong>schnelles Tuch<\/strong> Auf dieser Oberfl\u00e4che k\u00f6nnen die Spieler ein fl\u00fcssiges, temporeiches Spiel genie\u00dfen, das die Bedingungen professioneller Turniere nachbildet.<\/p>\n<h2>Klassischer Touch<\/h2>\n<p>Jede Tasche ist gefertigt aus <strong>Echtleder<\/strong>, was Eleganz und Langlebigkeit verleiht und gleichzeitig bei jedem erfolgreichen Schlag einen befriedigenden Klang erzeugt.<\/p>\n<h2>Inklusive Zubeh\u00f6r<\/h2>\n<ul>\n<li>1 Satz Billardkugeln<\/li>\n<li>2 Einteilige Queues<\/li>\n<li>1 Dreiecksgestell<\/li>\n<li>1 Queue-St\u00e4ndersatz aus Gummi<\/li>\n<li>1 Queue-Pinsel<\/li>\n<li>25 Queue-Tipps<\/li>\n<li>1 Kreuzst\u00fctze Kopf<\/li>\n<li>12 Kreiden<\/li>\n<li>1 Anzeigetafel<\/li>\n<\/ul>\n<h2>Flexibel und anpassbar<\/h2>\n<p>Mit <strong>OEM- und ODM-Dienstleistungen angeboten<\/strong> und ein <strong>Mindestbestellmenge von nur 1 Set<\/strong>, Dieser Tisch ist ideal f\u00fcr Privatkunden, Vereine, Unterhaltungsst\u00e4tten oder Gesch\u00e4ftspartner, die eine individuelle Markenpr\u00e4sentation w\u00fcnschen.<\/p>\n<h2>Weltweiter Versand und Service<\/h2>\n<p>Sichere, professionelle Verpackung und zuverl\u00e4ssige weltweite Versandoptionen sorgen daf\u00fcr, dass Ihre <strong>Chinesischer 8-Ball-Billardtisch<\/strong> kommt in einwandfreiem Zustand an, einsatzbereit.<\/p>\n<p>Ob Sie eine Billardhalle ausstatten, Ihren Veranstaltungsort modernisieren oder einen luxuri\u00f6sen Spielraum f\u00fcr zu Hause einrichten m\u00f6chten, dieses <strong>Chinesischer 8-Ball-Billardtisch<\/strong> bietet professionelle Qualit\u00e4t und un\u00fcbertroffenen Wert.<\/p>\n<p><img decoding=\"async\" class=\"aligncenter wp-image-568 size-full\" src=\"https:\/\/novabilliards.com\/wp-content\/uploads\/2025\/06\/8.webp\" alt=\"Professioneller chinesischer 8-Ball-Billardtisch\" width=\"750\" height=\"1312\" srcset=\"https:\/\/novabilliards.com\/wp-content\/uploads\/2025\/06\/8.webp 750w, https:\/\/novabilliards.com\/wp-content\/uploads\/2025\/06\/8-171x300.webp 171w, https:\/\/novabilliards.com\/wp-content\/uploads\/2025\/06\/8-585x1024.webp 585w, https:\/\/novabilliards.com\/wp-content\/uploads\/2025\/06\/8-600x1050.webp 600w\" sizes=\"(max-width: 750px) 100vw, 750px\" \/><\/p>","protected":false},"excerpt":{"rendered":"<ul>\n<li>Hochwertiger, 4 cm dicker Naturschiefer f\u00fcr hervorragende Ebenheit und Langlebigkeit<\/li>\n<li>Massivholzrahmen und -beine sorgen f\u00fcr langlebige Stabilit\u00e4t und elegantes Design.<\/li>\n<li>Hoch elastische Gummipolster sorgen f\u00fcr einen pr\u00e4zisen, dynamischen Ballr\u00fcckprall.<\/li>\n<li>Echte Ledertaschen f\u00fcr klassischen Stil und au\u00dfergew\u00f6hnliche Haltbarkeit<\/li>\n<li>Schnelle Tuchoberfl\u00e4che f\u00fcr fl\u00fcssiges und schnelles Gameplay<\/li>\n<li>Kompletter Satz professioneller Zubeh\u00f6rteile im Lieferumfang enthalten<\/li>\n<li>Mindestbestellmenge von nur 1 Set \u2013 flexibel f\u00fcr private und gewerbliche Bestellungen<\/li>\n<li>OEM- und ODM-Anpassung verf\u00fcgbar, um den Anforderungen des Brandings gerecht zu werden<\/li>\n<li>Professionelle Verpackung und zuverl\u00e4ssiger internationaler Versand<\/li>\n<\/ul>","protected":false},"featured_media":569,"comment_status":"open","ping_status":"closed","template":"","meta":{"_acf_changed":false},"product_brand":[],"product_cat":[15],"product_tag":[],"class_list":{"0":"post-565","1":"product","2":"type-product","3":"status-publish","4":"has-post-thumbnail","6":"product_cat-chinese-pool-tables","8":"first","9":"instock","10":"shipping-taxable","11":"product-type-simple"},"acf":[],"_links":{"self":[{"href":"https:\/\/novabilliards.com\/de\/wp-json\/wp\/v2\/product\/565","targetHints":{"allow":["GET"]}}],"collection":[{"href":"https:\/\/novabilliards.com\/de\/wp-json\/wp\/v2\/product"}],"about":[{"href":"https:\/\/novabilliards.com\/de\/wp-json\/wp\/v2\/types\/product"}],"replies":[{"embeddable":true,"href":"https:\/\/novabilliards.com\/de\/wp-json\/wp\/v2\/comments?post=565"}],"wp:featuredmedia":[{"embeddable":true,"href":"https:\/\/novabilliards.com\/de\/wp-json\/wp\/v2\/media\/569"}],"wp:attachment":[{"href":"https:\/\/novabilliards.com\/de\/wp-json\/wp\/v2\/media?parent=565"}],"wp:term":[{"taxonomy":"product_brand","embeddable":true,"href":"https:\/\/novabilliards.com\/de\/wp-json\/wp\/v2\/product_brand?post=565"},{"taxonomy":"product_cat","embeddable":true,"href":"https:\/\/novabilliards.com\/de\/wp-json\/wp\/v2\/product_cat?post=565"},{"taxonomy":"product_tag","embeddable":true,"href":"https:\/\/novabilliards.com\/de\/wp-json\/wp\/v2\/product_tag?post=565"}],"curies":[{"name":"wp","href":"https:\/\/api.w.org\/{rel}","templated":true}]}}